{"id":9898,"date":"2023-09-09T15:58:08","date_gmt":"2023-09-09T13:58:08","guid":{"rendered":"https:\/\/rombodituono.it\/rdt\/?page_id=9898"},"modified":"2023-09-29T14:48:38","modified_gmt":"2023-09-29T12:48:38","slug":"info-kick-start-fight","status":"publish","type":"page","link":"https:\/\/rombodituono.it\/rdt\/info-kick-start-fight\/","title":{"rendered":"info KICK START FIGHT"},"content":{"rendered":"\t\t<div data-elementor-type=\"wp-post\" data-elementor-id=\"9898\" class=\"elementor elementor-9898\">\n\t\t\t\t\t\t\t\t\t<section class=\"elementor-section elementor-top-section elementor-element elementor-element-e76be39 elementor-section-boxed elementor-section-height-default elementor-section-height-default\" data-id=\"e76be39\" data-element_type=\"section\">\n\t\t\t\t\t\t<div class=\"elementor-container elementor-column-gap-default\">\n\t\t\t\t\t<div class=\"elementor-column elementor-col-100 elementor-top-column elementor-element elementor-element-0a8f9a3\" data-id=\"0a8f9a3\" data-element_type=\"column\">\n\t\t\t<div class=\"elementor-widget-wrap elementor-element-populated\">\n\t\t\t\t\t\t\t\t<div class=\"elementor-element elementor-element-8b35226 elementor-widget elementor-widget-html\" data-id=\"8b35226\" data-element_type=\"widget\" data-widget_type=\"html.default\">\n\t\t\t\t<div class=\"elementor-widget-container\">\n\t\t\t<style>\r\n  a:link {\r\n    color: cyan;\r\n    background-color: transparent;\r\n    text-decoration: none;\r\n  }\r\n  \r\n  a:visited {\r\n    color: green;\r\n    background-color: transparent;\r\n    text-decoration: none;\r\n  }\r\n  \r\n  a:hover {\r\n    color: red;\r\n    background-color: transparent;\r\n    text-decoration: underline;\r\n  }\r\n  \r\n  a:active {\r\n    color: yellow;\r\n    background-color: transparent;\r\n    text-decoration: underline;\r\n  }\r\n<\/style>\r\n\r\n<div style=\"font-size: 22px; color:#fff; line-height:28px;\">\r\n<b><p style=\"text-align:center\">KICK START FIGHT CONTEST<\/p><\/b>\r\n<br>\r\n<b><p style=\"text-align:center\">REGOLAMENTO<\/p><\/b>\r\n<br>\r\nIl contest \u00e8 riservato esclusivamente a persone maggiorenni. \r\n<br><br>\r\nPossono partecipare ed essere iscritti tutti i modelli Harley-Davidson con accensione a pedale (kick start), con motore con cilindrata minima di 900 cc.\r\n<br><br>\r\nLe moto <u>non devono essere equipaggiate di decompressore.<\/u>\r\n<br><br>\r\nL'iscrizione alla prova \u00e8 gratuita.\r\n<br><br>\r\nNon \u00e8 necessario che la moto sia di propriet\u00e0 del concorrente, ma non pu\u00f2 essere utilizzata da pi\u00f9 partecipanti.\r\n<br><br>\r\nLa prova \u00e8 preclusa al vincitore dell'anno precedente.\r\n<br><br>\r\nL'iscrizione avviene via mail: <a href=\"mailto:dvdghila@gmail.com\">dvdghila@gmail.com<\/a> \r\ninviando foto della moto con cui si vuole partecipare ed i vostri dati (nome-cognome-mail e cellulare).\r\n<br><br>\r\nL'organizzatore del contest valuter\u00e0 le iscrizioni, i partecipanti ammessi saranno informati (mail e whattsApp) ed invitati alla manifestazione il 21 e 22 ottobre 2023, essi avranno diritto ad un pass per l'intera durata della manifestazione. \r\n<br><br>\r\n<u><b>SVOLGIMENTO:<\/b><\/u>\r\n<br><br>\r\nIl contest sar\u00e0 una gara all'ultimo kick starter.\r\n<br><br>\r\n1\u00b0 categoria: Motori con cilindrata minima di 1.200 cc\r\n<br><br>\r\n2\u00b0 categoria: Motori con cilindrata minima 900 cc fino a 1.000 cc inclusi\r\n<br><br>\r\n1\u00b0 Prova- Chi accende la moto pi\u00f9 volte nel lasso di 1 minuto.\r\n<br><br>\r\n2\u00b0 Prova- Chi accende la moto pi\u00f9 volte nel lasso di tempo di \u00bd minuto.\r\n<br><br>\r\nSono consentite varie tecniche di accensione (in piedi, seduto, di lato etc etc)\r\n<br><br>\r\nLa giuria valuter\u00e0 il corretto svolgimento delle prove.\r\n<br><br>\r\nI tempi delle prove potranno essere variati e verranno comunicati prima dello svolgimento della prova.\r\n<br><br>\r\nLe moto verranno esaminate prima della gara e saranno eliminate quelle che non avranno i requisiti richiesti.\r\n<br><br>\r\nIl premio per il vincitore del Kick Start Fight \u00e8 di 300,00 euro che verranno corrisposti con bonifico bancario.\r\n\r\n<br><br><br>\r\n\r\n<u><b>KICK ENDURANCE:<\/b><\/u><br>\r\nDal secondo al quinto classificato del Kick Fight si sfideranno testa a testa nel\r\nFight Endurance. La prova consiste nell\u2019accensione consecutiva della moto\r\ncon il kick, il primo che sbaglia ferma il cronometro, vince chi sar\u00e0 riuscito a\r\ntotalizzare il maggior numero accensioni nel maggior tempo possibile.\r\n<br><br><br>\r\nLa prova si svolger\u00e0 a Rombo di Tuono in data 21-22 ottobre presso la Fiera di Brescia (Brixia Forum), gli orari verranno comunicati a tutti i partecipanti una settimana prima della manifestazione.\r\n<br><br>\r\nIl contest si svolger\u00e0 solo con un numero di minino di dieci partecipanti.\r\n<br><br>\r\nLe iscrizioni dovranno pervenire entro il 16 ottobre 2023.\r\n<br><br>\r\nTutti i partecipanti si impegnano a garantire la propria presenza sul palco per la premiazione del vincitore e le moto possono essere lasciare il centro fiera alle ore 18,00.\r\n<br><br>\r\nNon \u00e8 previsto nessun rimborso spese per la trasferta.\r\n<br>\r\n<\/div>\t\t<\/div>\n\t\t\t\t<\/div>\n\t\t\t\t\t<\/div>\n\t\t<\/div>\n\t\t\t\t\t\t\t<\/div>\n\t\t<\/section>\n\t\t\t\t\t\t\t<\/div>\n\t\t","protected":false},"excerpt":{"rendered":"<p>KICK START FIGHT CONTEST REGOLAMENTO Il contest \u00e8 riservato esclusivamente a persone maggiorenni. Possono partecipare ed essere iscritti tutti i modelli Harley-Davidson con accensione a pedale (kick start), con motore con cilindrata minima di 900 cc. Le moto non devono essere equipaggiate di decompressore. L&#8217;iscrizione alla prova \u00e8 gratuita. Non \u00e8 necessario che la moto&hellip; <\/p>\n<p class=\"link-more\"><a href=\"https:\/\/rombodituono.it\/rdt\/info-kick-start-fight\/\" class=\"more-link\">Read More <span class=\"screen-reader-text\"> &#8220;info KICK START FIGHT&#8221;<\/span><\/a><\/p>\n","protected":false},"author":1,"featured_media":0,"parent":0,"menu_order":0,"comment_status":"closed","ping_status":"closed","template":"page-elementor.php","meta":{"footnotes":""},"class_list":["post-9898","page","type-page","status-publish","hentry"],"_links":{"self":[{"href":"https:\/\/rombodituono.it\/rdt\/wp-json\/wp\/v2\/pages\/9898","targetHints":{"allow":["GET"]}}],"collection":[{"href":"https:\/\/rombodituono.it\/rdt\/wp-json\/wp\/v2\/pages"}],"about":[{"href":"https:\/\/rombodituono.it\/rdt\/wp-json\/wp\/v2\/types\/page"}],"author":[{"embeddable":true,"href":"https:\/\/rombodituono.it\/rdt\/wp-json\/wp\/v2\/users\/1"}],"replies":[{"embeddable":true,"href":"https:\/\/rombodituono.it\/rdt\/wp-json\/wp\/v2\/comments?post=9898"}],"version-history":[{"count":7,"href":"https:\/\/rombodituono.it\/rdt\/wp-json\/wp\/v2\/pages\/9898\/revisions"}],"predecessor-version":[{"id":10087,"href":"https:\/\/rombodituono.it\/rdt\/wp-json\/wp\/v2\/pages\/9898\/revisions\/10087"}],"wp:attachment":[{"href":"https:\/\/rombodituono.it\/rdt\/wp-json\/wp\/v2\/media?parent=9898"}],"curies":[{"name":"wp","href":"https:\/\/api.w.org\/{rel}","templated":true}]}}