{"id":12693,"date":"2025-08-06T18:57:22","date_gmt":"2025-08-06T16:57:22","guid":{"rendered":"https:\/\/rombodituono.it\/rdt\/?page_id=12693"},"modified":"2025-08-06T18:58:49","modified_gmt":"2025-08-06T16:58:49","slug":"ride-in-2025","status":"publish","type":"page","link":"https:\/\/rombodituono.it\/rdt\/ride-in-2025\/","title":{"rendered":"RIDE IN 2025"},"content":{"rendered":"\t\t<div data-elementor-type=\"wp-post\" data-elementor-id=\"12693\" class=\"elementor elementor-12693\">\n\t\t\t\t\t\t\t\t\t<section class=\"elementor-section elementor-top-section elementor-element elementor-element-e76be39 elementor-section-boxed elementor-section-height-default elementor-section-height-default\" data-id=\"e76be39\" data-element_type=\"section\">\n\t\t\t\t\t\t<div class=\"elementor-container elementor-column-gap-default\">\n\t\t\t\t\t<div class=\"elementor-column elementor-col-100 elementor-top-column elementor-element elementor-element-0a8f9a3\" data-id=\"0a8f9a3\" data-element_type=\"column\">\n\t\t\t<div class=\"elementor-widget-wrap elementor-element-populated\">\n\t\t\t\t\t\t\t\t<div class=\"elementor-element elementor-element-8b35226 elementor-widget elementor-widget-html\" data-id=\"8b35226\" data-element_type=\"widget\" data-widget_type=\"html.default\">\n\t\t\t\t<div class=\"elementor-widget-container\">\n\t\t\t<style>\r\n  a:link {\r\n    color: cyan;\r\n    background-color: transparent;\r\n    text-decoration: none;\r\n  }\r\n  \r\n  a:visited {\r\n    color: lightgreen;\r\n    background-color: transparent;\r\n    text-decoration: none;\r\n  }\r\n  \r\n  a:hover {\r\n    color: red;\r\n    background-color: transparent;\r\n    text-decoration: underline;\r\n  }\r\n  \r\n  a:active {\r\n    color: yellow;\r\n    background-color: transparent;\r\n    text-decoration: underline;\r\n  }\r\n<\/style>\r\n\r\n<div style=\"font-size: 22px; color:#fff; line-height:28px;\">\r\n    \r\n    <b><p style=\"text-align:center\">21st ROMBO DI TUONO \u2013 22-23 novembre 2025<\/p><\/b>\r\n\r\n\r\n<b><p style=\"text-align:center\">Fiera di Brescia (Brixia Forum)<\/p><\/b>\r\n<br>\r\n\r\n<b>RIDE IN<\/b> \u00e8 il bike show organizzato dalla rivista <b>LowRide<\/b> riservato ai non professionisti che si terr\u00e0 come tradizione a <b>Rombo di Tuono<\/b>.\r\n\r\n<br><br>\r\n\r\nSe passi pi\u00f9 tempo in garage che a specchiarti nello schermo dello smartphone, se non hai paura di sporcarti le mani sul tuo ferro per renderlo unico forse abbiamo qualcosa che puo fare al caso tuo.\r\n<br><br>\r\nIl contest \u00e8 aperto a moto customizzate in maniera significativa, non \u00e8 sufficiente sostituire solamente specchietti e marmitta, ma ci deve essere dietro un lavoro pi\u00f9 consistente. Negli anni abbiamo imparato che alcuni \u201cappassionati\u201d sarebbero in grado di reggere il confronto con i professionisti, nell\u2019arte della customizzazione della propria \u201cspecial\u201d e quindi potrai essere tu il fortunato che si aggiudicher\u00e0 il premio per la \u201cBest in Show\u201d. Partner dell\u2019iniziativa: <b>ALTRIMENTI ON THE ROAD<\/b> e <b>REBUFFINI CYCLES.<\/b>\r\n\r\n<br><br>\r\nPartecipare \u00e8 semplice, basta inviare una foto della moto con il proprio indirizzo di posta elettronica e contatto telefonico a: \r\n\r\n <a href=\"mailto:segreteria@rombodituono.it\">segreteria@rombodituono.it<\/a>\r\n<br>\r\nse la moto superer\u00e0 le selezioni, avrete diritto a un pass per partecipare all\u2019intera manifestazione e la possibilit\u00e0 di aggiudicarti il premio finale.\r\nSarete ricontattati per informazioni logistiche per la partecipazione al contest.\r\n<br><br>\r\nAttenzione: bike show riservato a moto customizzate.  \r\n<br>\r\n<\/div>\t\t<\/div>\n\t\t\t\t<\/div>\n\t\t\t\t\t<\/div>\n\t\t<\/div>\n\t\t\t\t\t\t\t<\/div>\n\t\t<\/section>\n\t\t\t\t\t\t\t<\/div>\n\t\t","protected":false},"excerpt":{"rendered":"<p>21st ROMBO DI TUONO \u2013 22-23 novembre 2025 Fiera di Brescia (Brixia Forum) RIDE IN \u00e8 il bike show organizzato dalla rivista LowRide riservato ai non professionisti che si terr\u00e0 come tradizione a Rombo di Tuono. Se passi pi\u00f9 tempo in garage che a specchiarti nello schermo dello smartphone, se non hai paura di sporcarti&hellip; <\/p>\n<p class=\"link-more\"><a href=\"https:\/\/rombodituono.it\/rdt\/ride-in-2025\/\" class=\"more-link\">Read More <span class=\"screen-reader-text\"> &#8220;RIDE IN 2025&#8221;<\/span><\/a><\/p>\n","protected":false},"author":1,"featured_media":0,"parent":0,"menu_order":0,"comment_status":"closed","ping_status":"closed","template":"page-elementor.php","meta":{"footnotes":""},"class_list":["post-12693","page","type-page","status-publish","hentry"],"_links":{"self":[{"href":"https:\/\/rombodituono.it\/rdt\/wp-json\/wp\/v2\/pages\/12693","targetHints":{"allow":["GET"]}}],"collection":[{"href":"https:\/\/rombodituono.it\/rdt\/wp-json\/wp\/v2\/pages"}],"about":[{"href":"https:\/\/rombodituono.it\/rdt\/wp-json\/wp\/v2\/types\/page"}],"author":[{"embeddable":true,"href":"https:\/\/rombodituono.it\/rdt\/wp-json\/wp\/v2\/users\/1"}],"replies":[{"embeddable":true,"href":"https:\/\/rombodituono.it\/rdt\/wp-json\/wp\/v2\/comments?post=12693"}],"version-history":[{"count":7,"href":"https:\/\/rombodituono.it\/rdt\/wp-json\/wp\/v2\/pages\/12693\/revisions"}],"predecessor-version":[{"id":12700,"href":"https:\/\/rombodituono.it\/rdt\/wp-json\/wp\/v2\/pages\/12693\/revisions\/12700"}],"wp:attachment":[{"href":"https:\/\/rombodituono.it\/rdt\/wp-json\/wp\/v2\/media?parent=12693"}],"curies":[{"name":"wp","href":"https:\/\/api.w.org\/{rel}","templated":true}]}}