{"id":12562,"date":"2025-07-16T14:14:39","date_gmt":"2025-07-16T12:14:39","guid":{"rendered":"https:\/\/rombodituono.it\/rdt\/?page_id=12562"},"modified":"2025-07-16T14:21:47","modified_gmt":"2025-07-16T12:21:47","slug":"13-rockin-roddin-reunion","status":"publish","type":"page","link":"https:\/\/rombodituono.it\/rdt\/13-rockin-roddin-reunion\/","title":{"rendered":"13 Rockin Roddin Reunion"},"content":{"rendered":"\t\t<div data-elementor-type=\"wp-post\" data-elementor-id=\"12562\" class=\"elementor elementor-12562\">\n\t\t\t\t\t\t\t\t\t<section class=\"elementor-section elementor-top-section elementor-element elementor-element-ca4ce03 elementor-section-boxed elementor-section-height-default elementor-section-height-default\" data-id=\"ca4ce03\" data-element_type=\"section\">\n\t\t\t\t\t\t<div class=\"elementor-container elementor-column-gap-default\">\n\t\t\t\t\t<div class=\"elementor-column elementor-col-100 elementor-top-column elementor-element elementor-element-a6583b1\" data-id=\"a6583b1\" data-element_type=\"column\">\n\t\t\t<div class=\"elementor-widget-wrap elementor-element-populated\">\n\t\t\t\t\t\t\t\t<div class=\"elementor-element elementor-element-2affee8 elementor-widget elementor-widget-html\" data-id=\"2affee8\" data-element_type=\"widget\" data-widget_type=\"html.default\">\n\t\t\t\t<div class=\"elementor-widget-container\">\n\t\t\t<style>\r\n  a:link {\r\n    color: cyan;\r\n    background-color: transparent;\r\n    text-decoration: none;\r\n  }\r\n  \r\n  a:visited {\r\n    color: green;\r\n    background-color: transparent;\r\n    text-decoration: none;\r\n  }\r\n  \r\n  a:hover {\r\n    color: red;\r\n    background-color: transparent;\r\n    text-decoration: underline;\r\n  }\r\n  \r\n  a:active {\r\n    color: yellow;\r\n    background-color: transparent;\r\n    text-decoration: underline;\r\n  }\r\n<\/style>\r\n\r\n<div style=\"font-size: 22px; color:#fff; line-height:28px;\">\r\n\r\n<b><p style=\"text-align:center\">21st ROMBO DI TUONO \u2013 22-23 novembre 2025<\/p><\/b>\r\n\r\n\r\n<b><p style=\"text-align:center\">Fiera di Brescia (Brixia Forum)<\/p><\/b>\r\n<br>\r\n\r\n<b>ROCKIN RODDIN REUNION 13th <\/b><br>\r\n\r\n<b>Indoor Traditional Hot Rod & Custom Cars <\/b><br>\r\n<br>\r\n\r\nDi fatto \u00e8 diventato uno tra i pi\u00f9 importanti eventi indoor dedicati alle auto americane, lo dimostra la qualit\u00e0 incredibile dei mezzi esposti e il coinvolgimento dei pi\u00f9 rappresentativi Car Club Italiani e d\u2019oltre confine. Ma non solo, come sempre sar\u00e0 un\u2019occasione unica per fare un salto negli anni cinquanta con la musica e il \u201clife style\u201d che ne hanno caratterizzato uno tra i periodi pi\u00f9 coinvolgenti per molte generazioni, e anche quelle che anagraficamente non lo hanno vissuto oggi ne ricalcano le gesta. Sar\u00e0 come rituffarsi in \u201cAmerican Graffiti\u201d o nel cult movie \u201cRebel Without a Cause\u201d meglio noto come \u201cGiovent\u00f9 Bruciata\u201d con l\u2019indimenticabile James Dean. \r\n<br><br>\r\nGrazie alla crew degli SBARBARI KLAN e la partecipazione straordinaria di tutti i Car Club presenti in fiera il week end di Rombo di Tuono sar\u00e0 una festa imperdibile e un\u2019occasione per condividere una passione che per molti \u00e8 un vero e proprio stile di vita.\r\n<br><br>\r\nLive Your Passion !  \r\n<br>\r\n<br>\r\n\r\n<\/div>\t\t<\/div>\n\t\t\t\t<\/div>\n\t\t\t\t\t<\/div>\n\t\t<\/div>\n\t\t\t\t\t\t\t<\/div>\n\t\t<\/section>\n\t\t\t\t<section class=\"elementor-section elementor-top-section elementor-element elementor-element-e473a6b elementor-section-boxed elementor-section-height-default elementor-section-height-default\" data-id=\"e473a6b\" data-element_type=\"section\">\n\t\t\t\t\t\t<div class=\"elementor-container elementor-column-gap-default\">\n\t\t\t\t\t<div class=\"elementor-column elementor-col-100 elementor-top-column elementor-element elementor-element-92886a2\" data-id=\"92886a2\" data-element_type=\"column\">\n\t\t\t<div class=\"elementor-widget-wrap elementor-element-populated\">\n\t\t\t\t\t\t\t\t<div class=\"elementor-element elementor-element-f04b0d7 elementor-widget elementor-widget-image-gallery\" data-id=\"f04b0d7\" data-element_type=\"widget\" data-widget_type=\"image-gallery.default\">\n\t\t\t\t<div class=\"elementor-widget-container\">\n\t\t\t<style>\/*! elementor - v3.7.8 - 02-10-2022 *\/\n.elementor-image-gallery .gallery-item{display:inline-block;text-align:center;vertical-align:top;width:100%;max-width:100%;margin:0 auto}.elementor-image-gallery .gallery-item img{margin:0 auto}.elementor-image-gallery .gallery-item .gallery-caption{margin:0}.elementor-image-gallery figure img{display:block}.elementor-image-gallery figure figcaption{width:100%}.gallery-spacing-custom .elementor-image-gallery .gallery-icon{padding:0}@media (min-width:768px){.elementor-image-gallery .gallery-columns-2 .gallery-item{max-width:50%}.elementor-image-gallery .gallery-columns-3 .gallery-item{max-width:33.33%}.elementor-image-gallery .gallery-columns-4 .gallery-item{max-width:25%}.elementor-image-gallery .gallery-columns-5 .gallery-item{max-width:20%}.elementor-image-gallery .gallery-columns-6 .gallery-item{max-width:16.666%}.elementor-image-gallery .gallery-columns-7 .gallery-item{max-width:14.28%}.elementor-image-gallery .gallery-columns-8 .gallery-item{max-width:12.5%}.elementor-image-gallery .gallery-columns-9 .gallery-item{max-width:11.11%}.elementor-image-gallery .gallery-columns-10 .gallery-item{max-width:10%}}@media (min-width:480px) and (max-width:767px){.elementor-image-gallery .gallery.gallery-columns-2 .gallery-item,.elementor-image-gallery .gallery.gallery-columns-3 .gallery-item,.elementor-image-gallery .gallery.gallery-columns-4 .gallery-item,.elementor-image-gallery .gallery.gallery-columns-5 .gallery-item,.elementor-image-gallery .gallery.gallery-columns-6 .gallery-item,.elementor-image-gallery .gallery.gallery-columns-7 .gallery-item,.elementor-image-gallery .gallery.gallery-columns-8 .gallery-item,.elementor-image-gallery .gallery.gallery-columns-9 .gallery-item,.elementor-image-gallery .gallery.gallery-columns-10 .gallery-item{max-width:50%}}@media (max-width:479px){.elementor-image-gallery .gallery.gallery-columns-2 .gallery-item,.elementor-image-gallery .gallery.gallery-columns-3 .gallery-item,.elementor-image-gallery .gallery.gallery-columns-4 .gallery-item,.elementor-image-gallery .gallery.gallery-columns-5 .gallery-item,.elementor-image-gallery .gallery.gallery-columns-6 .gallery-item,.elementor-image-gallery .gallery.gallery-columns-7 .gallery-item,.elementor-image-gallery .gallery.gallery-columns-8 .gallery-item,.elementor-image-gallery .gallery.gallery-columns-9 .gallery-item,.elementor-image-gallery .gallery.gallery-columns-10 .gallery-item{max-width:100%}}<\/style>\t\t<div class=\"elementor-image-gallery\">\n\t\t\t<div id='gallery-1' class='gallery galleryid-12562 gallery-columns-4 gallery-size-medium'><figure class='gallery-item'>\n\t\t\t<div class='gallery-icon landscape'>\n\t\t\t\t<a data-elementor-open-lightbox=\"yes\" data-elementor-lightbox-slideshow=\"f04b0d7\" data-elementor-lightbox-title=\"13th_ROCKIN_RODDIN_REUNION_1\" e-action-hash=\"#elementor-action%3Aaction%3Dlightbox%26settings%3DeyJpZCI6MTI1NjgsInVybCI6Imh0dHBzOlwvXC9yb21ib2RpdHVvbm8uaXRcL3JkdFwvd3AtY29udGVudFwvdXBsb2Fkc1wvMjAyNVwvMDdcLzEzdGhfUk9DS0lOX1JPRERJTl9SRVVOSU9OXzEuanBnIiwic2xpZGVzaG93IjoiZjA0YjBkNyJ9\" href='https:\/\/rombodituono.it\/rdt\/wp-content\/uploads\/2025\/07\/13th_ROCKIN_RODDIN_REUNION_1.jpg'><img loading=\"lazy\" decoding=\"async\" width=\"300\" height=\"200\" src=\"https:\/\/rombodituono.it\/rdt\/wp-content\/uploads\/2025\/07\/13th_ROCKIN_RODDIN_REUNION_1-300x200.jpg\" class=\"attachment-medium size-medium\" alt=\"\" srcset=\"https:\/\/rombodituono.it\/rdt\/wp-content\/uploads\/2025\/07\/13th_ROCKIN_RODDIN_REUNION_1-300x200.jpg 300w, https:\/\/rombodituono.it\/rdt\/wp-content\/uploads\/2025\/07\/13th_ROCKIN_RODDIN_REUNION_1-768x512.jpg 768w, https:\/\/rombodituono.it\/rdt\/wp-content\/uploads\/2025\/07\/13th_ROCKIN_RODDIN_REUNION_1-400x267.jpg 400w, https:\/\/rombodituono.it\/rdt\/wp-content\/uploads\/2025\/07\/13th_ROCKIN_RODDIN_REUNION_1-600x400.jpg 600w, https:\/\/rombodituono.it\/rdt\/wp-content\/uploads\/2025\/07\/13th_ROCKIN_RODDIN_REUNION_1.jpg 1024w\" sizes=\"auto, (max-width: 300px) 100vw, 300px\" \/><\/a>\n\t\t\t<\/div><\/figure><figure class='gallery-item'>\n\t\t\t<div class='gallery-icon portrait'>\n\t\t\t\t<a data-elementor-open-lightbox=\"yes\" data-elementor-lightbox-slideshow=\"f04b0d7\" data-elementor-lightbox-title=\"13th_ROCKIN_RODDIN_REUNION_2\" e-action-hash=\"#elementor-action%3Aaction%3Dlightbox%26settings%3DeyJpZCI6MTI1NjksInVybCI6Imh0dHBzOlwvXC9yb21ib2RpdHVvbm8uaXRcL3JkdFwvd3AtY29udGVudFwvdXBsb2Fkc1wvMjAyNVwvMDdcLzEzdGhfUk9DS0lOX1JPRERJTl9SRVVOSU9OXzIuanBnIiwic2xpZGVzaG93IjoiZjA0YjBkNyJ9\" href='https:\/\/rombodituono.it\/rdt\/wp-content\/uploads\/2025\/07\/13th_ROCKIN_RODDIN_REUNION_2.jpg'><img loading=\"lazy\" decoding=\"async\" width=\"225\" height=\"300\" src=\"https:\/\/rombodituono.it\/rdt\/wp-content\/uploads\/2025\/07\/13th_ROCKIN_RODDIN_REUNION_2-225x300.jpg\" class=\"attachment-medium size-medium\" alt=\"\" srcset=\"https:\/\/rombodituono.it\/rdt\/wp-content\/uploads\/2025\/07\/13th_ROCKIN_RODDIN_REUNION_2-225x300.jpg 225w, https:\/\/rombodituono.it\/rdt\/wp-content\/uploads\/2025\/07\/13th_ROCKIN_RODDIN_REUNION_2-768x1024.jpg 768w, https:\/\/rombodituono.it\/rdt\/wp-content\/uploads\/2025\/07\/13th_ROCKIN_RODDIN_REUNION_2-400x533.jpg 400w, https:\/\/rombodituono.it\/rdt\/wp-content\/uploads\/2025\/07\/13th_ROCKIN_RODDIN_REUNION_2-600x800.jpg 600w, https:\/\/rombodituono.it\/rdt\/wp-content\/uploads\/2025\/07\/13th_ROCKIN_RODDIN_REUNION_2.jpg 1080w\" sizes=\"auto, (max-width: 225px) 100vw, 225px\" \/><\/a>\n\t\t\t<\/div><\/figure><figure class='gallery-item'>\n\t\t\t<div class='gallery-icon landscape'>\n\t\t\t\t<a data-elementor-open-lightbox=\"yes\" data-elementor-lightbox-slideshow=\"f04b0d7\" data-elementor-lightbox-title=\"13th_ROCKIN_RODDIN_REUNION_3\" e-action-hash=\"#elementor-action%3Aaction%3Dlightbox%26settings%3DeyJpZCI6MTI1NzAsInVybCI6Imh0dHBzOlwvXC9yb21ib2RpdHVvbm8uaXRcL3JkdFwvd3AtY29udGVudFwvdXBsb2Fkc1wvMjAyNVwvMDdcLzEzdGhfUk9DS0lOX1JPRERJTl9SRVVOSU9OXzMuanBnIiwic2xpZGVzaG93IjoiZjA0YjBkNyJ9\" href='https:\/\/rombodituono.it\/rdt\/wp-content\/uploads\/2025\/07\/13th_ROCKIN_RODDIN_REUNION_3.jpg'><img loading=\"lazy\" decoding=\"async\" width=\"300\" height=\"300\" src=\"https:\/\/rombodituono.it\/rdt\/wp-content\/uploads\/2025\/07\/13th_ROCKIN_RODDIN_REUNION_3-300x300.jpg\" class=\"attachment-medium size-medium\" alt=\"\" srcset=\"https:\/\/rombodituono.it\/rdt\/wp-content\/uploads\/2025\/07\/13th_ROCKIN_RODDIN_REUNION_3-300x300.jpg 300w, https:\/\/rombodituono.it\/rdt\/wp-content\/uploads\/2025\/07\/13th_ROCKIN_RODDIN_REUNION_3-150x150.jpg 150w, https:\/\/rombodituono.it\/rdt\/wp-content\/uploads\/2025\/07\/13th_ROCKIN_RODDIN_REUNION_3-400x400.jpg 400w, https:\/\/rombodituono.it\/rdt\/wp-content\/uploads\/2025\/07\/13th_ROCKIN_RODDIN_REUNION_3-100x100.jpg 100w, https:\/\/rombodituono.it\/rdt\/wp-content\/uploads\/2025\/07\/13th_ROCKIN_RODDIN_REUNION_3.jpg 539w\" sizes=\"auto, (max-width: 300px) 100vw, 300px\" \/><\/a>\n\t\t\t<\/div><\/figure><figure class='gallery-item'>\n\t\t\t<div class='gallery-icon landscape'>\n\t\t\t\t<a data-elementor-open-lightbox=\"yes\" data-elementor-lightbox-slideshow=\"f04b0d7\" data-elementor-lightbox-title=\"13th_ROCKIN_RODDIN_REUNION_4\" e-action-hash=\"#elementor-action%3Aaction%3Dlightbox%26settings%3DeyJpZCI6MTI1NzEsInVybCI6Imh0dHBzOlwvXC9yb21ib2RpdHVvbm8uaXRcL3JkdFwvd3AtY29udGVudFwvdXBsb2Fkc1wvMjAyNVwvMDdcLzEzdGhfUk9DS0lOX1JPRERJTl9SRVVOSU9OXzQuanBnIiwic2xpZGVzaG93IjoiZjA0YjBkNyJ9\" href='https:\/\/rombodituono.it\/rdt\/wp-content\/uploads\/2025\/07\/13th_ROCKIN_RODDIN_REUNION_4.jpg'><img loading=\"lazy\" decoding=\"async\" width=\"300\" height=\"300\" src=\"https:\/\/rombodituono.it\/rdt\/wp-content\/uploads\/2025\/07\/13th_ROCKIN_RODDIN_REUNION_4-300x300.jpg\" class=\"attachment-medium size-medium\" alt=\"\" srcset=\"https:\/\/rombodituono.it\/rdt\/wp-content\/uploads\/2025\/07\/13th_ROCKIN_RODDIN_REUNION_4-300x300.jpg 300w, https:\/\/rombodituono.it\/rdt\/wp-content\/uploads\/2025\/07\/13th_ROCKIN_RODDIN_REUNION_4-150x150.jpg 150w, https:\/\/rombodituono.it\/rdt\/wp-content\/uploads\/2025\/07\/13th_ROCKIN_RODDIN_REUNION_4-400x400.jpg 400w, https:\/\/rombodituono.it\/rdt\/wp-content\/uploads\/2025\/07\/13th_ROCKIN_RODDIN_REUNION_4-100x100.jpg 100w, https:\/\/rombodituono.it\/rdt\/wp-content\/uploads\/2025\/07\/13th_ROCKIN_RODDIN_REUNION_4.jpg 539w\" sizes=\"auto, (max-width: 300px) 100vw, 300px\" \/><\/a>\n\t\t\t<\/div><\/figure><figure class='gallery-item'>\n\t\t\t<div class='gallery-icon landscape'>\n\t\t\t\t<a data-elementor-open-lightbox=\"yes\" data-elementor-lightbox-slideshow=\"f04b0d7\" data-elementor-lightbox-title=\"13th_ROCKIN_RODDIN_REUNION_5\" e-action-hash=\"#elementor-action%3Aaction%3Dlightbox%26settings%3DeyJpZCI6MTI1NzIsInVybCI6Imh0dHBzOlwvXC9yb21ib2RpdHVvbm8uaXRcL3JkdFwvd3AtY29udGVudFwvdXBsb2Fkc1wvMjAyNVwvMDdcLzEzdGhfUk9DS0lOX1JPRERJTl9SRVVOSU9OXzUuanBnIiwic2xpZGVzaG93IjoiZjA0YjBkNyJ9\" href='https:\/\/rombodituono.it\/rdt\/wp-content\/uploads\/2025\/07\/13th_ROCKIN_RODDIN_REUNION_5.jpg'><img loading=\"lazy\" decoding=\"async\" width=\"300\" height=\"200\" src=\"https:\/\/rombodituono.it\/rdt\/wp-content\/uploads\/2025\/07\/13th_ROCKIN_RODDIN_REUNION_5-300x200.jpg\" class=\"attachment-medium size-medium\" alt=\"\" srcset=\"https:\/\/rombodituono.it\/rdt\/wp-content\/uploads\/2025\/07\/13th_ROCKIN_RODDIN_REUNION_5-300x200.jpg 300w, https:\/\/rombodituono.it\/rdt\/wp-content\/uploads\/2025\/07\/13th_ROCKIN_RODDIN_REUNION_5-768x513.jpg 768w, https:\/\/rombodituono.it\/rdt\/wp-content\/uploads\/2025\/07\/13th_ROCKIN_RODDIN_REUNION_5-400x267.jpg 400w, https:\/\/rombodituono.it\/rdt\/wp-content\/uploads\/2025\/07\/13th_ROCKIN_RODDIN_REUNION_5-600x401.jpg 600w, https:\/\/rombodituono.it\/rdt\/wp-content\/uploads\/2025\/07\/13th_ROCKIN_RODDIN_REUNION_5.jpg 960w\" sizes=\"auto, (max-width: 300px) 100vw, 300px\" \/><\/a>\n\t\t\t<\/div><\/figure><figure class='gallery-item'>\n\t\t\t<div class='gallery-icon landscape'>\n\t\t\t\t<a data-elementor-open-lightbox=\"yes\" data-elementor-lightbox-slideshow=\"f04b0d7\" data-elementor-lightbox-title=\"13th_ROCKIN_RODDIN_REUNION_6\" e-action-hash=\"#elementor-action%3Aaction%3Dlightbox%26settings%3DeyJpZCI6MTI1NzMsInVybCI6Imh0dHBzOlwvXC9yb21ib2RpdHVvbm8uaXRcL3JkdFwvd3AtY29udGVudFwvdXBsb2Fkc1wvMjAyNVwvMDdcLzEzdGhfUk9DS0lOX1JPRERJTl9SRVVOSU9OXzYuanBnIiwic2xpZGVzaG93IjoiZjA0YjBkNyJ9\" href='https:\/\/rombodituono.it\/rdt\/wp-content\/uploads\/2025\/07\/13th_ROCKIN_RODDIN_REUNION_6.jpg'><img loading=\"lazy\" decoding=\"async\" width=\"300\" height=\"225\" src=\"https:\/\/rombodituono.it\/rdt\/wp-content\/uploads\/2025\/07\/13th_ROCKIN_RODDIN_REUNION_6-300x225.jpg\" class=\"attachment-medium size-medium\" alt=\"\" srcset=\"https:\/\/rombodituono.it\/rdt\/wp-content\/uploads\/2025\/07\/13th_ROCKIN_RODDIN_REUNION_6-300x225.jpg 300w, https:\/\/rombodituono.it\/rdt\/wp-content\/uploads\/2025\/07\/13th_ROCKIN_RODDIN_REUNION_6-1024x768.jpg 1024w, https:\/\/rombodituono.it\/rdt\/wp-content\/uploads\/2025\/07\/13th_ROCKIN_RODDIN_REUNION_6-768x576.jpg 768w, https:\/\/rombodituono.it\/rdt\/wp-content\/uploads\/2025\/07\/13th_ROCKIN_RODDIN_REUNION_6-400x300.jpg 400w, https:\/\/rombodituono.it\/rdt\/wp-content\/uploads\/2025\/07\/13th_ROCKIN_RODDIN_REUNION_6-600x450.jpg 600w, https:\/\/rombodituono.it\/rdt\/wp-content\/uploads\/2025\/07\/13th_ROCKIN_RODDIN_REUNION_6.jpg 1080w\" sizes=\"auto, (max-width: 300px) 100vw, 300px\" \/><\/a>\n\t\t\t<\/div><\/figure><figure class='gallery-item'>\n\t\t\t<div class='gallery-icon landscape'>\n\t\t\t\t<a data-elementor-open-lightbox=\"yes\" data-elementor-lightbox-slideshow=\"f04b0d7\" data-elementor-lightbox-title=\"13th_ROCKIN_RODDIN_REUNION_7\" e-action-hash=\"#elementor-action%3Aaction%3Dlightbox%26settings%3DeyJpZCI6MTI1NzQsInVybCI6Imh0dHBzOlwvXC9yb21ib2RpdHVvbm8uaXRcL3JkdFwvd3AtY29udGVudFwvdXBsb2Fkc1wvMjAyNVwvMDdcLzEzdGhfUk9DS0lOX1JPRERJTl9SRVVOSU9OXzcuanBnIiwic2xpZGVzaG93IjoiZjA0YjBkNyJ9\" href='https:\/\/rombodituono.it\/rdt\/wp-content\/uploads\/2025\/07\/13th_ROCKIN_RODDIN_REUNION_7.jpg'><img loading=\"lazy\" decoding=\"async\" width=\"300\" height=\"225\" src=\"https:\/\/rombodituono.it\/rdt\/wp-content\/uploads\/2025\/07\/13th_ROCKIN_RODDIN_REUNION_7-300x225.jpg\" class=\"attachment-medium size-medium\" alt=\"\" srcset=\"https:\/\/rombodituono.it\/rdt\/wp-content\/uploads\/2025\/07\/13th_ROCKIN_RODDIN_REUNION_7-300x225.jpg 300w, https:\/\/rombodituono.it\/rdt\/wp-content\/uploads\/2025\/07\/13th_ROCKIN_RODDIN_REUNION_7-1024x768.jpg 1024w, https:\/\/rombodituono.it\/rdt\/wp-content\/uploads\/2025\/07\/13th_ROCKIN_RODDIN_REUNION_7-768x576.jpg 768w, https:\/\/rombodituono.it\/rdt\/wp-content\/uploads\/2025\/07\/13th_ROCKIN_RODDIN_REUNION_7-400x300.jpg 400w, https:\/\/rombodituono.it\/rdt\/wp-content\/uploads\/2025\/07\/13th_ROCKIN_RODDIN_REUNION_7-600x450.jpg 600w, https:\/\/rombodituono.it\/rdt\/wp-content\/uploads\/2025\/07\/13th_ROCKIN_RODDIN_REUNION_7.jpg 1080w\" sizes=\"auto, (max-width: 300px) 100vw, 300px\" \/><\/a>\n\t\t\t<\/div><\/figure>\n\t\t<\/div>\n\t\t<\/div>\n\t\t\t\t<\/div>\n\t\t\t\t<\/div>\n\t\t\t\t\t<\/div>\n\t\t<\/div>\n\t\t\t\t\t\t\t<\/div>\n\t\t<\/section>\n\t\t\t\t<section class=\"elementor-section elementor-top-section elementor-element elementor-element-69e9663 elementor-section-boxed elementor-section-height-default elementor-section-height-default\" data-id=\"69e9663\" data-element_type=\"section\">\n\t\t\t\t\t\t<div class=\"elementor-container elementor-column-gap-default\">\n\t\t\t\t\t<div class=\"elementor-column elementor-col-100 elementor-top-column elementor-element elementor-element-6246128\" data-id=\"6246128\" data-element_type=\"column\">\n\t\t\t<div class=\"elementor-widget-wrap elementor-element-populated\">\n\t\t\t\t\t\t\t\t<div class=\"elementor-element elementor-element-6239fe9 elementor-widget elementor-widget-image\" data-id=\"6239fe9\" data-element_type=\"widget\" data-widget_type=\"image.default\">\n\t\t\t\t<div class=\"elementor-widget-container\">\n\t\t\t<style>\/*! elementor - v3.7.8 - 02-10-2022 *\/\n.elementor-widget-image{text-align:center}.elementor-widget-image a{display:inline-block}.elementor-widget-image a img[src$=\".svg\"]{width:48px}.elementor-widget-image img{vertical-align:middle;display:inline-block}<\/style>        <div class=\"elementor-image\">\n                                                <img loading=\"lazy\" decoding=\"async\" width=\"1086\" height=\"1536\" src=\"https:\/\/rombodituono.it\/rdt\/wp-content\/uploads\/2025\/07\/Rockin_Roddin_Reunion_2025-1086x1536.jpg\" class=\"attachment-1536x1536 size-1536x1536\" alt=\"\" srcset=\"https:\/\/rombodituono.it\/rdt\/wp-content\/uploads\/2025\/07\/Rockin_Roddin_Reunion_2025-1086x1536.jpg 1086w, https:\/\/rombodituono.it\/rdt\/wp-content\/uploads\/2025\/07\/Rockin_Roddin_Reunion_2025-212x300.jpg 212w, https:\/\/rombodituono.it\/rdt\/wp-content\/uploads\/2025\/07\/Rockin_Roddin_Reunion_2025-724x1024.jpg 724w, https:\/\/rombodituono.it\/rdt\/wp-content\/uploads\/2025\/07\/Rockin_Roddin_Reunion_2025-768x1086.jpg 768w, https:\/\/rombodituono.it\/rdt\/wp-content\/uploads\/2025\/07\/Rockin_Roddin_Reunion_2025-1448x2048.jpg 1448w, https:\/\/rombodituono.it\/rdt\/wp-content\/uploads\/2025\/07\/Rockin_Roddin_Reunion_2025-400x566.jpg 400w, https:\/\/rombodituono.it\/rdt\/wp-content\/uploads\/2025\/07\/Rockin_Roddin_Reunion_2025-600x849.jpg 600w, https:\/\/rombodituono.it\/rdt\/wp-content\/uploads\/2025\/07\/Rockin_Roddin_Reunion_2025.jpg 1600w\" sizes=\"auto, (max-width: 1086px) 100vw, 1086px\" \/>                                                            <\/div>\n        \t\t<\/div>\n\t\t\t\t<\/div>\n\t\t\t\t\t<\/div>\n\t\t<\/div>\n\t\t\t\t\t\t\t<\/div>\n\t\t<\/section>\n\t\t\t\t\t\t\t<\/div>\n\t\t","protected":false},"excerpt":{"rendered":"<p>21st ROMBO DI TUONO \u2013 22-23 novembre 2025 Fiera di Brescia (Brixia Forum) ROCKIN RODDIN REUNION 13th Indoor Traditional Hot Rod &#038; Custom Cars Di fatto \u00e8 diventato uno tra i pi\u00f9 importanti eventi indoor dedicati alle auto americane, lo dimostra la qualit\u00e0 incredibile dei mezzi esposti e il coinvolgimento dei pi\u00f9 rappresentativi Car Club&hellip; <\/p>\n<p class=\"link-more\"><a href=\"https:\/\/rombodituono.it\/rdt\/13-rockin-roddin-reunion\/\" class=\"more-link\">Read More <span class=\"screen-reader-text\"> &#8220;13 Rockin Roddin Reunion&#8221;<\/span><\/a><\/p>\n","protected":false},"author":1,"featured_media":0,"parent":0,"menu_order":0,"comment_status":"closed","ping_status":"closed","template":"page-elementor.php","meta":{"footnotes":""},"class_list":["post-12562","page","type-page","status-publish","hentry"],"_links":{"self":[{"href":"https:\/\/rombodituono.it\/rdt\/wp-json\/wp\/v2\/pages\/12562","targetHints":{"allow":["GET"]}}],"collection":[{"href":"https:\/\/rombodituono.it\/rdt\/wp-json\/wp\/v2\/pages"}],"about":[{"href":"https:\/\/rombodituono.it\/rdt\/wp-json\/wp\/v2\/types\/page"}],"author":[{"embeddable":true,"href":"https:\/\/rombodituono.it\/rdt\/wp-json\/wp\/v2\/users\/1"}],"replies":[{"embeddable":true,"href":"https:\/\/rombodituono.it\/rdt\/wp-json\/wp\/v2\/comments?post=12562"}],"version-history":[{"count":7,"href":"https:\/\/rombodituono.it\/rdt\/wp-json\/wp\/v2\/pages\/12562\/revisions"}],"predecessor-version":[{"id":12577,"href":"https:\/\/rombodituono.it\/rdt\/wp-json\/wp\/v2\/pages\/12562\/revisions\/12577"}],"wp:attachment":[{"href":"https:\/\/rombodituono.it\/rdt\/wp-json\/wp\/v2\/media?parent=12562"}],"curies":[{"name":"wp","href":"https:\/\/api.w.org\/{rel}","templated":true}]}}