{"id":12517,"date":"2025-07-03T14:31:31","date_gmt":"2025-07-03T12:31:31","guid":{"rendered":"https:\/\/rombodituono.it\/rdt\/?page_id=12517"},"modified":"2025-07-03T14:37:55","modified_gmt":"2025-07-03T12:37:55","slug":"info-4-wanders-wheels-reunion","status":"publish","type":"page","link":"https:\/\/rombodituono.it\/rdt\/info-4-wanders-wheels-reunion\/","title":{"rendered":"info 4\u00b0 WANDERS WHEELS REUNION"},"content":{"rendered":"\t\t<div data-elementor-type=\"wp-post\" data-elementor-id=\"12517\" class=\"elementor elementor-12517\">\n\t\t\t\t\t\t\t\t\t<section class=\"elementor-section elementor-top-section elementor-element elementor-element-e76be39 elementor-section-boxed elementor-section-height-default elementor-section-height-default\" data-id=\"e76be39\" data-element_type=\"section\">\n\t\t\t\t\t\t<div class=\"elementor-container elementor-column-gap-default\">\n\t\t\t\t\t<div class=\"elementor-column elementor-col-100 elementor-top-column elementor-element elementor-element-0a8f9a3\" data-id=\"0a8f9a3\" data-element_type=\"column\">\n\t\t\t<div class=\"elementor-widget-wrap elementor-element-populated\">\n\t\t\t\t\t\t\t\t<div class=\"elementor-element elementor-element-8b35226 elementor-widget elementor-widget-html\" data-id=\"8b35226\" data-element_type=\"widget\" data-widget_type=\"html.default\">\n\t\t\t\t<div class=\"elementor-widget-container\">\n\t\t\t<style>\r\n    a:link {\r\n      color: cyan;\r\n      background-color: transparent;\r\n      text-decoration: none;\r\n    }\r\n    \r\n    a:visited {\r\n      color: green;\r\n      background-color: transparent;\r\n      text-decoration: none;\r\n    }\r\n    \r\n    a:hover {\r\n      color: red;\r\n      background-color: transparent;\r\n      text-decoration: underline;\r\n    }\r\n    \r\n    a:active {\r\n      color: yellow;\r\n      background-color: transparent;\r\n      text-decoration: underline;\r\n    }\r\n<\/style>\r\n\r\n<div style=\"font-size: 22px; color:#fff\">\r\n    \r\n<b><p style=\"text-align:center\">21st Rombo di Tuono - 22\/23 novembre 2025<\/p><\/b>\r\n<b><p style=\"text-align:center\">Fiera di Brescia (Brixia Forum)<\/p><\/b>\r\n\r\nNell\u2019immaginario collettivo conquistarono un posto di rilievo nel 1969 con il debutto nelle sale cinematografiche americane di \u201cEasy Rider\u201d, road movie per antonomasia, caratterizzato un\u2019intera epoca, simbolo di libert\u00e0 e individualit\u00e0, Non c\u2019\u00e8 biker degno di questo status che non abbia sognato almeno una volta di cavalcarne uno sulla Route 66.<br> A Rombo di Tuono si celebreranno ancora una volta i chopper con una reunion imperdibile per tutti gli amanti del genere. Ferri da paura che ci faranno sognare ad occhi aperti. Telaio rigido, kick start and less is more, sono le caratteristiche principali del chopper old school, se vuoi vivere questa emozione col tuo \u201cchopper\u201d ti aspettiamo al Rombo.<br> Wander Wheels \u00e8 un\u2019area tematica in collaborazione con Sbarbari Klan e Raffaele Meles.<br>\r\n\r\nSe vuoi esporre il tuo chopper contatta:\r\n\r\n<a href=\"mailto:segreteria@rombodituono.it\">segreteria@rombodituono.it<\/a>\r\n<br><br>\r\nP.S. Non \u00e8 un contest ma uno stile, non ci saranno n\u00e8 vincitori n\u00e8 vinti ma solo condivisione, amicizia e \u201cpassione allo stato puro\u201d per questo genere di \u201cferri maledetti\u201d.\r\n\r\n<\/div>\t\t<\/div>\n\t\t\t\t<\/div>\n\t\t\t\t\t<\/div>\n\t\t<\/div>\n\t\t\t\t\t\t\t<\/div>\n\t\t<\/section>\n\t\t\t\t\t\t\t<\/div>\n\t\t","protected":false},"excerpt":{"rendered":"<p>21st Rombo di Tuono &#8211; 22\/23 novembre 2025 Fiera di Brescia (Brixia Forum) Nell\u2019immaginario collettivo conquistarono un posto di rilievo nel 1969 con il debutto nelle sale cinematografiche americane di \u201cEasy Rider\u201d, road movie per antonomasia, caratterizzato un\u2019intera epoca, simbolo di libert\u00e0 e individualit\u00e0, Non c\u2019\u00e8 biker degno di questo status che non abbia sognato&hellip; <\/p>\n<p class=\"link-more\"><a href=\"https:\/\/rombodituono.it\/rdt\/info-4-wanders-wheels-reunion\/\" class=\"more-link\">Read More <span class=\"screen-reader-text\"> &#8220;info 4\u00b0 WANDERS WHEELS REUNION&#8221;<\/span><\/a><\/p>\n","protected":false},"author":1,"featured_media":0,"parent":0,"menu_order":0,"comment_status":"closed","ping_status":"closed","template":"page-elementor.php","meta":{"footnotes":""},"class_list":["post-12517","page","type-page","status-publish","hentry"],"_links":{"self":[{"href":"https:\/\/rombodituono.it\/rdt\/wp-json\/wp\/v2\/pages\/12517","targetHints":{"allow":["GET"]}}],"collection":[{"href":"https:\/\/rombodituono.it\/rdt\/wp-json\/wp\/v2\/pages"}],"about":[{"href":"https:\/\/rombodituono.it\/rdt\/wp-json\/wp\/v2\/types\/page"}],"author":[{"embeddable":true,"href":"https:\/\/rombodituono.it\/rdt\/wp-json\/wp\/v2\/users\/1"}],"replies":[{"embeddable":true,"href":"https:\/\/rombodituono.it\/rdt\/wp-json\/wp\/v2\/comments?post=12517"}],"version-history":[{"count":7,"href":"https:\/\/rombodituono.it\/rdt\/wp-json\/wp\/v2\/pages\/12517\/revisions"}],"predecessor-version":[{"id":12527,"href":"https:\/\/rombodituono.it\/rdt\/wp-json\/wp\/v2\/pages\/12517\/revisions\/12527"}],"wp:attachment":[{"href":"https:\/\/rombodituono.it\/rdt\/wp-json\/wp\/v2\/media?parent=12517"}],"curies":[{"name":"wp","href":"https:\/\/api.w.org\/{rel}","templated":true}]}}