{"id":11382,"date":"2024-09-05T16:12:50","date_gmt":"2024-09-05T14:12:50","guid":{"rendered":"https:\/\/rombodituono.it\/rdt\/?page_id=11382"},"modified":"2024-09-10T16:15:26","modified_gmt":"2024-09-10T14:15:26","slug":"comunicato-5-settembre-2024","status":"publish","type":"page","link":"https:\/\/rombodituono.it\/rdt\/comunicato-5-settembre-2024\/","title":{"rendered":"comunicato 5 settembre 2024"},"content":{"rendered":"\t\t<div data-elementor-type=\"wp-post\" data-elementor-id=\"11382\" class=\"elementor elementor-11382\">\n\t\t\t\t\t\t\t\t\t<section class=\"elementor-section elementor-top-section elementor-element elementor-element-014b4bd elementor-section-boxed elementor-section-height-default elementor-section-height-default\" data-id=\"014b4bd\" data-element_type=\"section\">\n\t\t\t\t\t\t<div class=\"elementor-container elementor-column-gap-default\">\n\t\t\t\t\t<div class=\"elementor-column elementor-col-100 elementor-top-column elementor-element elementor-element-730caaa\" data-id=\"730caaa\" data-element_type=\"column\">\n\t\t\t<div class=\"elementor-widget-wrap elementor-element-populated\">\n\t\t\t\t\t\t\t\t<section class=\"elementor-section elementor-inner-section elementor-element elementor-element-d58b949 elementor-section-boxed elementor-section-height-default elementor-section-height-default\" data-id=\"d58b949\" data-element_type=\"section\">\n\t\t\t\t\t\t<div class=\"elementor-container elementor-column-gap-default\">\n\t\t\t\t\t<div class=\"elementor-column elementor-col-50 elementor-inner-column elementor-element elementor-element-df6ea3c\" data-id=\"df6ea3c\" data-element_type=\"column\">\n\t\t\t<div class=\"elementor-widget-wrap\">\n\t\t\t\t\t\t\t\t\t<\/div>\n\t\t<\/div>\n\t\t\t\t<div class=\"elementor-column elementor-col-50 elementor-inner-column elementor-element elementor-element-5eba743\" data-id=\"5eba743\" data-element_type=\"column\">\n\t\t\t<div class=\"elementor-widget-wrap elementor-element-populated\">\n\t\t\t\t\t\t\t\t<div class=\"elementor-element elementor-element-f8e4e77 elementor-widget elementor-widget-text-editor\" data-id=\"f8e4e77\" data-element_type=\"widget\" data-widget_type=\"text-editor.default\">\n\t\t\t\t<div class=\"elementor-widget-container\">\n\t\t\t<style>\/*! elementor - v3.7.8 - 02-10-2022 *\/\n.elementor-widget-text-editor.elementor-drop-cap-view-stacked .elementor-drop-cap{background-color:#818a91;color:#fff}.elementor-widget-text-editor.elementor-drop-cap-view-framed .elementor-drop-cap{color:#818a91;border:3px solid;background-color:transparent}.elementor-widget-text-editor:not(.elementor-drop-cap-view-default) .elementor-drop-cap{margin-top:8px}.elementor-widget-text-editor:not(.elementor-drop-cap-view-default) .elementor-drop-cap-letter{width:1em;height:1em}.elementor-widget-text-editor .elementor-drop-cap{float:left;text-align:center;line-height:1;font-size:50px}.elementor-widget-text-editor .elementor-drop-cap-letter{display:inline-block}<\/style>        <div class=\"elementor-text-editor elementor-clearfix\"><\/div>\n        \t\t<\/div>\n\t\t\t\t<\/div>\n\t\t\t\t\t<\/div>\n\t\t<\/div>\n\t\t\t\t\t\t\t<\/div>\n\t\t<\/section>\n\t\t\t\t<section class=\"elementor-section elementor-inner-section elementor-element elementor-element-886c69e elementor-section-boxed elementor-section-height-default elementor-section-height-default\" data-id=\"886c69e\" data-element_type=\"section\">\n\t\t\t\t\t\t<div class=\"elementor-container elementor-column-gap-default\">\n\t\t\t\t\t<div class=\"elementor-column elementor-col-50 elementor-inner-column elementor-element elementor-element-cf372e0\" data-id=\"cf372e0\" data-element_type=\"column\">\n\t\t\t<div class=\"elementor-widget-wrap elementor-element-populated\">\n\t\t\t\t\t\t\t\t<div class=\"elementor-element elementor-element-2ed4692 elementor-widget elementor-widget-image\" data-id=\"2ed4692\" data-element_type=\"widget\" data-widget_type=\"image.default\">\n\t\t\t\t<div class=\"elementor-widget-container\">\n\t\t\t<style>\/*! elementor - v3.7.8 - 02-10-2022 *\/\n.elementor-widget-image{text-align:center}.elementor-widget-image a{display:inline-block}.elementor-widget-image a img[src$=\".svg\"]{width:48px}.elementor-widget-image img{vertical-align:middle;display:inline-block}<\/style>        <div class=\"elementor-image\">\n                                                <img loading=\"lazy\" decoding=\"async\" width=\"400\" height=\"565\" src=\"https:\/\/rombodituono.it\/rdt\/wp-content\/uploads\/2024\/09\/comunicato_stampa_1.png\" class=\"attachment-large size-large\" alt=\"\" srcset=\"https:\/\/rombodituono.it\/rdt\/wp-content\/uploads\/2024\/09\/comunicato_stampa_1.png 400w, https:\/\/rombodituono.it\/rdt\/wp-content\/uploads\/2024\/09\/comunicato_stampa_1-212x300.png 212w\" sizes=\"auto, (max-width: 400px) 100vw, 400px\" \/>                                                            <\/div>\n        \t\t<\/div>\n\t\t\t\t<\/div>\n\t\t\t\t\t<\/div>\n\t\t<\/div>\n\t\t\t\t<div class=\"elementor-column elementor-col-50 elementor-inner-column elementor-element elementor-element-f66bad5\" data-id=\"f66bad5\" data-element_type=\"column\">\n\t\t\t<div class=\"elementor-widget-wrap elementor-element-populated\">\n\t\t\t\t\t\t\t\t<div class=\"elementor-element elementor-element-2a34fe4 elementor-widget elementor-widget-text-editor\" data-id=\"2a34fe4\" data-element_type=\"widget\" data-widget_type=\"text-editor.default\">\n\t\t\t\t<div class=\"elementor-widget-container\">\n\t\t\t        <div class=\"elementor-text-editor elementor-clearfix\"><p style=\"text-align: center;\"><span style=\"text-decoration: underline;\"><span style=\"color: #ffcc00; text-decoration: underline;\">COMUNICATO STAMPA<\/span><\/span><\/p><p style=\"text-align: center;\">\u00a0<\/p><p style=\"text-align: center;\"><span style=\"color: #ffcc00;\">In programma il 19 e 20 ottobre alla Fiera di Brescia (Brixia Forum),<\/span><br \/><span style=\"color: #ffcc00;\">uno dei grandi appuntamenti custom dell&#8217;anno taglia un traguardo storico<\/span><\/p><p style=\"text-align: center;\"><br \/><span style=\"color: #ffcc00;\">Rombo di Tuono prepara una memorabile 20\u00aa edizione tra custom art,<\/span><br \/><span style=\"color: #ffcc00;\">auto americane, bike contest, show dal vivo e ospiti internazionali<\/span><\/p><p style=\"text-align: center;\">\u00a0<\/p><p style=\"text-align: center;\"><span style=\"color: #ffcc00;\">Brescia, 5 settembre 2024<\/span><\/p><\/div>\n        \t\t<\/div>\n\t\t\t\t<\/div>\n\t\t\t\t\t<\/div>\n\t\t<\/div>\n\t\t\t\t\t\t\t<\/div>\n\t\t<\/section>\n\t\t\t\t<div class=\"elementor-element elementor-element-b069caa elementor-widget elementor-widget-text-editor\" data-id=\"b069caa\" data-element_type=\"widget\" data-widget_type=\"text-editor.default\">\n\t\t\t\t<div class=\"elementor-widget-container\">\n\t\t\t        <div class=\"elementor-text-editor elementor-clearfix\"><p><span style=\"color: #ccffff;\">Il Rombo di Tuono sta scaldando i motori per la sua edizione numero 20, nel weekend del 19-20 ottobre al Brixia Forum di Brescia. L&#8217;evento indoor dedicato al mondo Custom, alle moto e alle auto classiche Made in USA taglia il traguardo che lo consegna definitivamente alla storia della scena Custom italiana e\u00a0internazionale. Identit\u00e0, passione e coerenza sono sempre stati i cardini di una manifestazione che \u00e8 insieme fiera e raduno. Un punto d&#8217;incontro fra un pubblico sempre pi\u00f9 variegato e in crescita costante (oltre 15.000 i biglietti staccati nel RdT 2023), i professionisti e i brand delle due ruote, che considerano l&#8217;appuntamento alla Fiera di Brescia una vetrina ideale per presentare i modelli in gamma.<\/span><\/p><p><span style=\"color: #ccffff;\">Un&#8217;edizione cos\u00ec speciale non pu\u00f2 che riservare un&#8217;offerta di iniziative e di novit\u00e0 senza precedenti. A cominciare dal Campionato Italiano Costruttori Custom KICK 2024, uno degli appuntamenti irrinunciabili per i bike builder pi\u00f9 conosciuti a livello nazionale e per gli appassionati, che potranno ammirare le migliori special dell&#8217;anno. A proposito di capolavori a due ruote, quest&#8217;anno brilleranno le Harley &#8220;Viclas&#8221; del Chicano Style Contest, con il testimonial Pepe Lazzara e la parata nel centro storico di Brescia. Torner\u00e0 il Kick Start Fight, la gara di abilit\u00e0 di avviamento a pedale (kickstart) curata dal Furious Lions MC. Le auto Made in USA costituiscono un altro dei piatti forti di Rombo Di Tuono: lo Sbarbari Klan presenter\u00e0 il 12\u00b0 Rockin Roddin Reunion, uno dei pi\u00f9 importanti show in Europa per le custom car e gli hot rod pre-1960. La domenica, lo Sharks Team far\u00e0 sfilare in parata le muscle car americane durante la US Car Reunion, che nella scorsa edizione port\u00f2 alla Fiera di Brescia oltre 150 equipaggi.<\/span><\/p><p><span style=\"color: #ccffff;\">Altrettanto spettacolare lo spazio riservato ai chopper old school &#8220;Wander Wheels&#8221; e al Kustom Art In The Garage, il live contest di decorazione a mano e aerografia che ne esplora l&#8217;aspetto pi\u00f9 artistico e creativo. Il magazine LowRide, media partner di RdT, inviter\u00e0 i customizzatori per passione a esporre le loro creazioni<\/span><br \/><span style=\"color: #ccffff;\">nel Ride In Bike Show. Non mancheranno ospiti di prestigio come il californiano Keith Weesner e il customizzatore St\u00e9ph Grand, in arte T4 Motor Cycles. Il primo \u00e8 un figlio d&#8217;arte: scrittore, fotografo, artista e pinstriper, occupa una posizione di rilievo nella Kustom Kulture americana. Il costruttore svizzero \u00e8 stato invece eletto &#8220;King of Custom&#8221; nelle edizioni 2019 e 2024 di MBE a Verona. Ad alzare il tasso di adrenalina del fine settimana, gli show del Fearless Devid Wall of Death, l&#8217;unico &#8220;muro della morte&#8221; italiano, nonch\u00e9 uno degli ultimi rimasti in Europa.<\/span><\/p><p><span style=\"color: #ccffff;\">Una delle carte vincenti di Rombo di Tuono \u00e8, naturalmente, la location dell&#8217;ampio e moderno Brixia Forum, una delle migliori strutture fieristiche italiane. Il suo padiglione unico di 15.000 mq consente il massimo dinamismo nell&#8217;organizzazione degli spazi e offre ai visitatori un colpo d&#8217;occhio impressionante. A poche<\/span><br \/><span style=\"color: #ccffff;\">centinaia di metri dal casello dell&#8217;autostrada A4 Milano-Venezia e dalla tangenziale di Brescia, la Fiera \u00e8 facilmente raggiungibile e offre comode possibilit\u00e0 di parcheggio a moto e auto. Un evento come Rombo di Tuono non sarebbe possibile senza l&#8217;apporto di partner d&#8217;eccezione come il main sponsor Motorcycle Storehouse, azienda leader del mondo custom; e Rebuffini Cycles, marchio storico nella produzione di accessori per Harley-Davidson. L&#8217;evento fieristico Motor Bike Expo valorizzer\u00e0 gli \u201cYoung Builder&#8221; offrendo alla migliore officina giovane uno spazio espositivo nell&#8217;edizione 2025. Il tour operator Altrimenti On The Road premier\u00e0 il vincitore del Ride In con uno dei suoi viaggi per motociclisti.<\/span><\/p><p><span style=\"color: #ccffff;\">\u00a0<\/span><\/p><p>\u00a0<\/p><p><span style=\"color: #ccffff;\">Per informazioni riservate ai media e accrediti stampa:<\/span><\/p><p><span style=\"color: #ccffff;\">Paolo Sormani<\/span><\/p><p><span style=\"color: #ccffff;\">T +393888416122<\/span><\/p><p><span style=\"color: #ccffff;\">press@rombodituono.it<\/span><\/p><p>\u00a0<\/p><\/div>\n        \t\t<\/div>\n\t\t\t\t<\/div>\n\t\t\t\t\t<\/div>\n\t\t<\/div>\n\t\t\t\t\t\t\t<\/div>\n\t\t<\/section>\n\t\t\t\t<section class=\"elementor-section elementor-top-section elementor-element elementor-element-e76be39 elementor-section-boxed elementor-section-height-default elementor-section-height-default\" data-id=\"e76be39\" data-element_type=\"section\">\n\t\t\t\t\t\t<div class=\"elementor-container elementor-column-gap-default\">\n\t\t\t\t\t<div class=\"elementor-column elementor-col-100 elementor-top-column elementor-element elementor-element-0a8f9a3\" data-id=\"0a8f9a3\" data-element_type=\"column\">\n\t\t\t<div class=\"elementor-widget-wrap elementor-element-populated\">\n\t\t\t\t\t\t\t\t<div class=\"elementor-element elementor-element-efbfd64 gallery-spacing-custom elementor-widget elementor-widget-image-gallery\" data-id=\"efbfd64\" data-element_type=\"widget\" data-widget_type=\"image-gallery.default\">\n\t\t\t\t<div class=\"elementor-widget-container\">\n\t\t\t<style>\/*! elementor - v3.7.8 - 02-10-2022 *\/\n.elementor-image-gallery .gallery-item{display:inline-block;text-align:center;vertical-align:top;width:100%;max-width:100%;margin:0 auto}.elementor-image-gallery .gallery-item img{margin:0 auto}.elementor-image-gallery .gallery-item .gallery-caption{margin:0}.elementor-image-gallery figure img{display:block}.elementor-image-gallery figure figcaption{width:100%}.gallery-spacing-custom .elementor-image-gallery .gallery-icon{padding:0}@media (min-width:768px){.elementor-image-gallery .gallery-columns-2 .gallery-item{max-width:50%}.elementor-image-gallery .gallery-columns-3 .gallery-item{max-width:33.33%}.elementor-image-gallery .gallery-columns-4 .gallery-item{max-width:25%}.elementor-image-gallery .gallery-columns-5 .gallery-item{max-width:20%}.elementor-image-gallery .gallery-columns-6 .gallery-item{max-width:16.666%}.elementor-image-gallery .gallery-columns-7 .gallery-item{max-width:14.28%}.elementor-image-gallery .gallery-columns-8 .gallery-item{max-width:12.5%}.elementor-image-gallery .gallery-columns-9 .gallery-item{max-width:11.11%}.elementor-image-gallery .gallery-columns-10 .gallery-item{max-width:10%}}@media (min-width:480px) and (max-width:767px){.elementor-image-gallery .gallery.gallery-columns-2 .gallery-item,.elementor-image-gallery .gallery.gallery-columns-3 .gallery-item,.elementor-image-gallery .gallery.gallery-columns-4 .gallery-item,.elementor-image-gallery .gallery.gallery-columns-5 .gallery-item,.elementor-image-gallery .gallery.gallery-columns-6 .gallery-item,.elementor-image-gallery .gallery.gallery-columns-7 .gallery-item,.elementor-image-gallery .gallery.gallery-columns-8 .gallery-item,.elementor-image-gallery .gallery.gallery-columns-9 .gallery-item,.elementor-image-gallery .gallery.gallery-columns-10 .gallery-item{max-width:50%}}@media (max-width:479px){.elementor-image-gallery .gallery.gallery-columns-2 .gallery-item,.elementor-image-gallery .gallery.gallery-columns-3 .gallery-item,.elementor-image-gallery .gallery.gallery-columns-4 .gallery-item,.elementor-image-gallery .gallery.gallery-columns-5 .gallery-item,.elementor-image-gallery .gallery.gallery-columns-6 .gallery-item,.elementor-image-gallery .gallery.gallery-columns-7 .gallery-item,.elementor-image-gallery .gallery.gallery-columns-8 .gallery-item,.elementor-image-gallery .gallery.gallery-columns-9 .gallery-item,.elementor-image-gallery .gallery.gallery-columns-10 .gallery-item{max-width:100%}}<\/style>\t\t<div class=\"elementor-image-gallery\">\n\t\t\t<div id='gallery-1' class='gallery galleryid-11382 gallery-columns-4 gallery-size-medium'><figure class='gallery-item'>\n\t\t\t<div class='gallery-icon landscape'>\n\t\t\t\t<a data-elementor-open-lightbox=\"yes\" data-elementor-lightbox-slideshow=\"efbfd64\" data-elementor-lightbox-title=\"press_1_1\" e-action-hash=\"#elementor-action%3Aaction%3Dlightbox%26settings%3DeyJpZCI6MTEyNDEsInVybCI6Imh0dHBzOlwvXC9yb21ib2RpdHVvbm8uaXRcL3JkdFwvd3AtY29udGVudFwvdXBsb2Fkc1wvMjAyNFwvMDlcL3ByZXNzXzFfMS5qcGciLCJzbGlkZXNob3ciOiJlZmJmZDY0In0%3D\" href='https:\/\/rombodituono.it\/rdt\/wp-content\/uploads\/2024\/09\/press_1_1.jpg'><img loading=\"lazy\" decoding=\"async\" width=\"300\" height=\"200\" src=\"https:\/\/rombodituono.it\/rdt\/wp-content\/uploads\/2024\/09\/press_1_1-300x200.jpg\" class=\"attachment-medium size-medium\" alt=\"\" srcset=\"https:\/\/rombodituono.it\/rdt\/wp-content\/uploads\/2024\/09\/press_1_1-300x200.jpg 300w, https:\/\/rombodituono.it\/rdt\/wp-content\/uploads\/2024\/09\/press_1_1-1024x683.jpg 1024w, https:\/\/rombodituono.it\/rdt\/wp-content\/uploads\/2024\/09\/press_1_1-768x512.jpg 768w, https:\/\/rombodituono.it\/rdt\/wp-content\/uploads\/2024\/09\/press_1_1-400x267.jpg 400w, https:\/\/rombodituono.it\/rdt\/wp-content\/uploads\/2024\/09\/press_1_1-600x400.jpg 600w, https:\/\/rombodituono.it\/rdt\/wp-content\/uploads\/2024\/09\/press_1_1.jpg 1200w\" sizes=\"auto, (max-width: 300px) 100vw, 300px\" \/><\/a>\n\t\t\t<\/div><\/figure><figure class='gallery-item'>\n\t\t\t<div class='gallery-icon landscape'>\n\t\t\t\t<a data-elementor-open-lightbox=\"yes\" data-elementor-lightbox-slideshow=\"efbfd64\" data-elementor-lightbox-title=\"press_1_2\" e-action-hash=\"#elementor-action%3Aaction%3Dlightbox%26settings%3DeyJpZCI6MTEyNDIsInVybCI6Imh0dHBzOlwvXC9yb21ib2RpdHVvbm8uaXRcL3JkdFwvd3AtY29udGVudFwvdXBsb2Fkc1wvMjAyNFwvMDlcL3ByZXNzXzFfMi5qcGciLCJzbGlkZXNob3ciOiJlZmJmZDY0In0%3D\" href='https:\/\/rombodituono.it\/rdt\/wp-content\/uploads\/2024\/09\/press_1_2.jpg'><img loading=\"lazy\" decoding=\"async\" width=\"300\" height=\"200\" src=\"https:\/\/rombodituono.it\/rdt\/wp-content\/uploads\/2024\/09\/press_1_2-300x200.jpg\" class=\"attachment-medium size-medium\" alt=\"\" srcset=\"https:\/\/rombodituono.it\/rdt\/wp-content\/uploads\/2024\/09\/press_1_2-300x200.jpg 300w, https:\/\/rombodituono.it\/rdt\/wp-content\/uploads\/2024\/09\/press_1_2-1024x683.jpg 1024w, https:\/\/rombodituono.it\/rdt\/wp-content\/uploads\/2024\/09\/press_1_2-768x512.jpg 768w, https:\/\/rombodituono.it\/rdt\/wp-content\/uploads\/2024\/09\/press_1_2-400x267.jpg 400w, https:\/\/rombodituono.it\/rdt\/wp-content\/uploads\/2024\/09\/press_1_2-600x400.jpg 600w, https:\/\/rombodituono.it\/rdt\/wp-content\/uploads\/2024\/09\/press_1_2.jpg 1200w\" sizes=\"auto, (max-width: 300px) 100vw, 300px\" \/><\/a>\n\t\t\t<\/div><\/figure><figure class='gallery-item'>\n\t\t\t<div class='gallery-icon landscape'>\n\t\t\t\t<a data-elementor-open-lightbox=\"yes\" data-elementor-lightbox-slideshow=\"efbfd64\" data-elementor-lightbox-title=\"press_1_3\" e-action-hash=\"#elementor-action%3Aaction%3Dlightbox%26settings%3DeyJpZCI6MTEyNDMsInVybCI6Imh0dHBzOlwvXC9yb21ib2RpdHVvbm8uaXRcL3JkdFwvd3AtY29udGVudFwvdXBsb2Fkc1wvMjAyNFwvMDlcL3ByZXNzXzFfMy5qcGciLCJzbGlkZXNob3ciOiJlZmJmZDY0In0%3D\" href='https:\/\/rombodituono.it\/rdt\/wp-content\/uploads\/2024\/09\/press_1_3.jpg'><img loading=\"lazy\" decoding=\"async\" width=\"300\" height=\"225\" src=\"https:\/\/rombodituono.it\/rdt\/wp-content\/uploads\/2024\/09\/press_1_3-300x225.jpg\" class=\"attachment-medium size-medium\" alt=\"\" srcset=\"https:\/\/rombodituono.it\/rdt\/wp-content\/uploads\/2024\/09\/press_1_3-300x225.jpg 300w, https:\/\/rombodituono.it\/rdt\/wp-content\/uploads\/2024\/09\/press_1_3-1024x768.jpg 1024w, https:\/\/rombodituono.it\/rdt\/wp-content\/uploads\/2024\/09\/press_1_3-768x576.jpg 768w, https:\/\/rombodituono.it\/rdt\/wp-content\/uploads\/2024\/09\/press_1_3-1536x1152.jpg 1536w, https:\/\/rombodituono.it\/rdt\/wp-content\/uploads\/2024\/09\/press_1_3-400x300.jpg 400w, https:\/\/rombodituono.it\/rdt\/wp-content\/uploads\/2024\/09\/press_1_3-600x450.jpg 600w, https:\/\/rombodituono.it\/rdt\/wp-content\/uploads\/2024\/09\/press_1_3.jpg 2048w\" sizes=\"auto, (max-width: 300px) 100vw, 300px\" \/><\/a>\n\t\t\t<\/div><\/figure><figure class='gallery-item'>\n\t\t\t<div class='gallery-icon landscape'>\n\t\t\t\t<a data-elementor-open-lightbox=\"yes\" data-elementor-lightbox-slideshow=\"efbfd64\" data-elementor-lightbox-title=\"press_1_4\" e-action-hash=\"#elementor-action%3Aaction%3Dlightbox%26settings%3DeyJpZCI6MTEyNDQsInVybCI6Imh0dHBzOlwvXC9yb21ib2RpdHVvbm8uaXRcL3JkdFwvd3AtY29udGVudFwvdXBsb2Fkc1wvMjAyNFwvMDlcL3ByZXNzXzFfNC5qcGciLCJzbGlkZXNob3ciOiJlZmJmZDY0In0%3D\" href='https:\/\/rombodituono.it\/rdt\/wp-content\/uploads\/2024\/09\/press_1_4.jpg'><img loading=\"lazy\" decoding=\"async\" width=\"300\" height=\"225\" src=\"https:\/\/rombodituono.it\/rdt\/wp-content\/uploads\/2024\/09\/press_1_4-300x225.jpg\" class=\"attachment-medium size-medium\" alt=\"\" srcset=\"https:\/\/rombodituono.it\/rdt\/wp-content\/uploads\/2024\/09\/press_1_4-300x225.jpg 300w, https:\/\/rombodituono.it\/rdt\/wp-content\/uploads\/2024\/09\/press_1_4-1024x768.jpg 1024w, https:\/\/rombodituono.it\/rdt\/wp-content\/uploads\/2024\/09\/press_1_4-768x576.jpg 768w, https:\/\/rombodituono.it\/rdt\/wp-content\/uploads\/2024\/09\/press_1_4-1536x1152.jpg 1536w, https:\/\/rombodituono.it\/rdt\/wp-content\/uploads\/2024\/09\/press_1_4-400x300.jpg 400w, https:\/\/rombodituono.it\/rdt\/wp-content\/uploads\/2024\/09\/press_1_4-600x450.jpg 600w, https:\/\/rombodituono.it\/rdt\/wp-content\/uploads\/2024\/09\/press_1_4.jpg 2048w\" sizes=\"auto, (max-width: 300px) 100vw, 300px\" \/><\/a>\n\t\t\t<\/div><\/figure><figure class='gallery-item'>\n\t\t\t<div class='gallery-icon landscape'>\n\t\t\t\t<a data-elementor-open-lightbox=\"yes\" data-elementor-lightbox-slideshow=\"efbfd64\" data-elementor-lightbox-title=\"press_1_5\" e-action-hash=\"#elementor-action%3Aaction%3Dlightbox%26settings%3DeyJpZCI6MTEyNDUsInVybCI6Imh0dHBzOlwvXC9yb21ib2RpdHVvbm8uaXRcL3JkdFwvd3AtY29udGVudFwvdXBsb2Fkc1wvMjAyNFwvMDlcL3ByZXNzXzFfNS5qcGciLCJzbGlkZXNob3ciOiJlZmJmZDY0In0%3D\" href='https:\/\/rombodituono.it\/rdt\/wp-content\/uploads\/2024\/09\/press_1_5.jpg'><img loading=\"lazy\" decoding=\"async\" width=\"300\" height=\"200\" src=\"https:\/\/rombodituono.it\/rdt\/wp-content\/uploads\/2024\/09\/press_1_5-300x200.jpg\" class=\"attachment-medium size-medium\" alt=\"\" srcset=\"https:\/\/rombodituono.it\/rdt\/wp-content\/uploads\/2024\/09\/press_1_5-300x200.jpg 300w, https:\/\/rombodituono.it\/rdt\/wp-content\/uploads\/2024\/09\/press_1_5-1024x683.jpg 1024w, https:\/\/rombodituono.it\/rdt\/wp-content\/uploads\/2024\/09\/press_1_5-768x512.jpg 768w, https:\/\/rombodituono.it\/rdt\/wp-content\/uploads\/2024\/09\/press_1_5-1536x1024.jpg 1536w, https:\/\/rombodituono.it\/rdt\/wp-content\/uploads\/2024\/09\/press_1_5-400x267.jpg 400w, https:\/\/rombodituono.it\/rdt\/wp-content\/uploads\/2024\/09\/press_1_5-600x400.jpg 600w, https:\/\/rombodituono.it\/rdt\/wp-content\/uploads\/2024\/09\/press_1_5.jpg 2048w\" sizes=\"auto, (max-width: 300px) 100vw, 300px\" \/><\/a>\n\t\t\t<\/div><\/figure><figure class='gallery-item'>\n\t\t\t<div class='gallery-icon landscape'>\n\t\t\t\t<a data-elementor-open-lightbox=\"yes\" data-elementor-lightbox-slideshow=\"efbfd64\" data-elementor-lightbox-title=\"press_1_6\" e-action-hash=\"#elementor-action%3Aaction%3Dlightbox%26settings%3DeyJpZCI6MTEyNDYsInVybCI6Imh0dHBzOlwvXC9yb21ib2RpdHVvbm8uaXRcL3JkdFwvd3AtY29udGVudFwvdXBsb2Fkc1wvMjAyNFwvMDlcL3ByZXNzXzFfNi5qcGciLCJzbGlkZXNob3ciOiJlZmJmZDY0In0%3D\" href='https:\/\/rombodituono.it\/rdt\/wp-content\/uploads\/2024\/09\/press_1_6.jpg'><img loading=\"lazy\" decoding=\"async\" width=\"300\" height=\"200\" src=\"https:\/\/rombodituono.it\/rdt\/wp-content\/uploads\/2024\/09\/press_1_6-300x200.jpg\" class=\"attachment-medium size-medium\" alt=\"\" srcset=\"https:\/\/rombodituono.it\/rdt\/wp-content\/uploads\/2024\/09\/press_1_6-300x200.jpg 300w, https:\/\/rombodituono.it\/rdt\/wp-content\/uploads\/2024\/09\/press_1_6-1024x681.jpg 1024w, https:\/\/rombodituono.it\/rdt\/wp-content\/uploads\/2024\/09\/press_1_6-768x511.jpg 768w, https:\/\/rombodituono.it\/rdt\/wp-content\/uploads\/2024\/09\/press_1_6-400x266.jpg 400w, https:\/\/rombodituono.it\/rdt\/wp-content\/uploads\/2024\/09\/press_1_6-600x399.jpg 600w, https:\/\/rombodituono.it\/rdt\/wp-content\/uploads\/2024\/09\/press_1_6.jpg 1440w\" sizes=\"auto, (max-width: 300px) 100vw, 300px\" \/><\/a>\n\t\t\t<\/div><\/figure><figure class='gallery-item'>\n\t\t\t<div class='gallery-icon landscape'>\n\t\t\t\t<a data-elementor-open-lightbox=\"yes\" data-elementor-lightbox-slideshow=\"efbfd64\" data-elementor-lightbox-title=\"press_1_7\" e-action-hash=\"#elementor-action%3Aaction%3Dlightbox%26settings%3DeyJpZCI6MTEyNDcsInVybCI6Imh0dHBzOlwvXC9yb21ib2RpdHVvbm8uaXRcL3JkdFwvd3AtY29udGVudFwvdXBsb2Fkc1wvMjAyNFwvMDlcL3ByZXNzXzFfNy5qcGciLCJzbGlkZXNob3ciOiJlZmJmZDY0In0%3D\" href='https:\/\/rombodituono.it\/rdt\/wp-content\/uploads\/2024\/09\/press_1_7.jpg'><img loading=\"lazy\" decoding=\"async\" width=\"300\" height=\"199\" src=\"https:\/\/rombodituono.it\/rdt\/wp-content\/uploads\/2024\/09\/press_1_7-300x199.jpg\" class=\"attachment-medium size-medium\" alt=\"\" srcset=\"https:\/\/rombodituono.it\/rdt\/wp-content\/uploads\/2024\/09\/press_1_7-300x199.jpg 300w, https:\/\/rombodituono.it\/rdt\/wp-content\/uploads\/2024\/09\/press_1_7-1024x679.jpg 1024w, https:\/\/rombodituono.it\/rdt\/wp-content\/uploads\/2024\/09\/press_1_7-768x509.jpg 768w, https:\/\/rombodituono.it\/rdt\/wp-content\/uploads\/2024\/09\/press_1_7-400x265.jpg 400w, https:\/\/rombodituono.it\/rdt\/wp-content\/uploads\/2024\/09\/press_1_7-600x398.jpg 600w, https:\/\/rombodituono.it\/rdt\/wp-content\/uploads\/2024\/09\/press_1_7.jpg 1080w\" sizes=\"auto, (max-width: 300px) 100vw, 300px\" \/><\/a>\n\t\t\t<\/div><\/figure>\n\t\t<\/div>\n\t\t<\/div>\n\t\t\t\t<\/div>\n\t\t\t\t<\/div>\n\t\t\t\t\t<\/div>\n\t\t<\/div>\n\t\t\t\t\t\t\t<\/div>\n\t\t<\/section>\n\t\t\t\t\t\t\t<\/div>\n\t\t","protected":false},"excerpt":{"rendered":"<p>COMUNICATO STAMPA \u00a0 In programma il 19 e 20 ottobre alla Fiera di Brescia (Brixia Forum),uno dei grandi appuntamenti custom dell&#8217;anno taglia un traguardo storico Rombo di Tuono prepara una memorabile 20\u00aa edizione tra custom art,auto americane, bike contest, show dal vivo e ospiti internazionali \u00a0 Brescia, 5 settembre 2024 Il Rombo di Tuono sta&hellip; <\/p>\n<p class=\"link-more\"><a href=\"https:\/\/rombodituono.it\/rdt\/comunicato-5-settembre-2024\/\" class=\"more-link\">Read More <span class=\"screen-reader-text\"> &#8220;comunicato 5 settembre 2024&#8221;<\/span><\/a><\/p>\n","protected":false},"author":1,"featured_media":0,"parent":0,"menu_order":0,"comment_status":"closed","ping_status":"closed","template":"page-elementor.php","meta":{"footnotes":""},"class_list":["post-11382","page","type-page","status-publish","hentry"],"_links":{"self":[{"href":"https:\/\/rombodituono.it\/rdt\/wp-json\/wp\/v2\/pages\/11382","targetHints":{"allow":["GET"]}}],"collection":[{"href":"https:\/\/rombodituono.it\/rdt\/wp-json\/wp\/v2\/pages"}],"about":[{"href":"https:\/\/rombodituono.it\/rdt\/wp-json\/wp\/v2\/types\/page"}],"author":[{"embeddable":true,"href":"https:\/\/rombodituono.it\/rdt\/wp-json\/wp\/v2\/users\/1"}],"replies":[{"embeddable":true,"href":"https:\/\/rombodituono.it\/rdt\/wp-json\/wp\/v2\/comments?post=11382"}],"version-history":[{"count":4,"href":"https:\/\/rombodituono.it\/rdt\/wp-json\/wp\/v2\/pages\/11382\/revisions"}],"predecessor-version":[{"id":11386,"href":"https:\/\/rombodituono.it\/rdt\/wp-json\/wp\/v2\/pages\/11382\/revisions\/11386"}],"wp:attachment":[{"href":"https:\/\/rombodituono.it\/rdt\/wp-json\/wp\/v2\/media?parent=11382"}],"curies":[{"name":"wp","href":"https:\/\/api.w.org\/{rel}","templated":true}]}}