{"id":10583,"date":"2024-05-20T14:29:55","date_gmt":"2024-05-20T12:29:55","guid":{"rendered":"https:\/\/rombodituono.it\/rdt\/?page_id=10583"},"modified":"2024-09-20T15:41:12","modified_gmt":"2024-09-20T13:41:12","slug":"info-point-2024","status":"publish","type":"page","link":"https:\/\/rombodituono.it\/rdt\/info-point-2024\/","title":{"rendered":"INFO POINT 2024"},"content":{"rendered":"\t\t<div data-elementor-type=\"wp-post\" data-elementor-id=\"10583\" class=\"elementor elementor-10583\">\n\t\t\t\t\t\t\t\t\t<section class=\"elementor-section elementor-top-section elementor-element elementor-element-9ab5603 elementor-section-boxed elementor-section-height-default elementor-section-height-default\" data-id=\"9ab5603\" data-element_type=\"section\">\n\t\t\t\t\t\t<div class=\"elementor-container elementor-column-gap-default\">\n\t\t\t\t\t<div class=\"elementor-column elementor-col-100 elementor-top-column elementor-element elementor-element-df80d39\" data-id=\"df80d39\" data-element_type=\"column\">\n\t\t\t<div class=\"elementor-widget-wrap elementor-element-populated\">\n\t\t\t\t\t\t\t\t<div class=\"elementor-element elementor-element-cd1f66c elementor-align-center elementor-button-primary elementor-widget elementor-widget-button\" data-id=\"cd1f66c\" data-element_type=\"widget\" data-widget_type=\"button.default\">\n\t\t\t\t<div class=\"elementor-widget-container\">\n\t\t\t        <div class=\"elementor-button-wrapper\">\n            <a href=\"#programma\" class=\"elementor-button-link elementor-button elementor-size-md\" role=\"button\">\n                \t\t<span class=\"elementor-button-content-wrapper\">\n\t\t\t\t\t\t<span class=\"elementor-button-text\">Vai Al PROGRMMA DELLA FIERA 19-20 OTTOBRE 2024<\/span>\n\t\t<\/span>\n\t\t            <\/a>\n        <\/div>\n        \t\t<\/div>\n\t\t\t\t<\/div>\n\t\t\t\t\t<\/div>\n\t\t<\/div>\n\t\t\t\t\t\t\t<\/div>\n\t\t<\/section>\n\t\t\t\t<section class=\"elementor-section elementor-top-section elementor-element elementor-element-837c9a6 elementor-section-boxed elementor-section-height-default elementor-section-height-default\" data-id=\"837c9a6\" data-element_type=\"section\">\n\t\t\t\t\t\t<div class=\"elementor-container elementor-column-gap-default\">\n\t\t\t\t\t<div class=\"elementor-column elementor-col-100 elementor-top-column elementor-element elementor-element-892c5f8\" data-id=\"892c5f8\" data-element_type=\"column\">\n\t\t\t<div class=\"elementor-widget-wrap elementor-element-populated\">\n\t\t\t\t\t\t\t\t<div class=\"elementor-element elementor-element-fd5cbb8 elementor-align-center elementor-hidden-desktop elementor-hidden-tablet elementor-hidden-mobile elementor-button-primary elementor-widget elementor-widget-button\" data-id=\"fd5cbb8\" data-element_type=\"widget\" data-widget_type=\"button.default\">\n\t\t\t\t<div class=\"elementor-widget-container\">\n\t\t\t        <div class=\"elementor-button-wrapper\">\n            <a href=\"https:\/\/rombodituono.it\/rdt\/wp-content\/uploads\/2022\/10\/Programma_RdT_2022.pdf\" class=\"elementor-button-link elementor-button elementor-size-md\" role=\"button\">\n                \t\t<span class=\"elementor-button-content-wrapper\">\n\t\t\t\t\t\t<span class=\"elementor-button-text\">SCARICA IL PROGRAMMA COMPLETO DELLA FIERA<\/span>\n\t\t<\/span>\n\t\t            <\/a>\n        <\/div>\n        \t\t<\/div>\n\t\t\t\t<\/div>\n\t\t\t\t<div class=\"elementor-element elementor-element-2c0bdc7 elementor-align-center elementor-button-primary elementor-widget elementor-widget-button\" data-id=\"2c0bdc7\" data-element_type=\"widget\" data-widget_type=\"button.default\">\n\t\t\t\t<div class=\"elementor-widget-container\">\n\t\t\t        <div class=\"elementor-button-wrapper\">\n            <a href=\"https:\/\/rombodituono.it\/rdt\/wp-content\/uploads\/2024\/09\/INFO_POINT_Rombo_di_tuono_2024.pdf\" class=\"elementor-button-link elementor-button elementor-size-md\" role=\"button\">\n                \t\t<span class=\"elementor-button-content-wrapper\">\n\t\t\t\t\t\t<span class=\"elementor-button-text\">SCARICA TUTTE LE INFORMAZIONI IN PDF<\/span>\n\t\t<\/span>\n\t\t            <\/a>\n        <\/div>\n        \t\t<\/div>\n\t\t\t\t<\/div>\n\t\t\t\t\t<\/div>\n\t\t<\/div>\n\t\t\t\t\t\t\t<\/div>\n\t\t<\/section>\n\t\t\t\t<section class=\"elementor-section elementor-top-section elementor-element elementor-element-e76be39 elementor-section-boxed elementor-section-height-default elementor-section-height-default\" data-id=\"e76be39\" data-element_type=\"section\">\n\t\t\t\t\t\t<div class=\"elementor-container elementor-column-gap-default\">\n\t\t\t\t\t<div class=\"elementor-column elementor-col-100 elementor-top-column elementor-element elementor-element-0a8f9a3\" data-id=\"0a8f9a3\" data-element_type=\"column\">\n\t\t\t<div class=\"elementor-widget-wrap elementor-element-populated\">\n\t\t\t\t\t\t\t\t<div class=\"elementor-element elementor-element-9c599c5 elementor-widget elementor-widget-html\" data-id=\"9c599c5\" data-element_type=\"widget\" data-widget_type=\"html.default\">\n\t\t\t\t<div class=\"elementor-widget-container\">\n\t\t\t<style>\r\n  a:link {\r\n    color: cyan;\r\n    background-color: transparent;\r\n    text-decoration: none;\r\n  }\r\n  \r\n  a:visited {\r\n    color: lightgreen;\r\n    background-color: transparent;\r\n    text-decoration: none;\r\n  }\r\n  \r\n  a:hover {\r\n    color: red;\r\n    background-color: transparent;\r\n    text-decoration: underline;\r\n  }\r\n  \r\n  a:active {\r\n    color: yellow;\r\n    background-color: transparent;\r\n    text-decoration: underline;\r\n  }\r\n<\/style>\r\n\r\n\r\n<div style=\"color:#fff;\">\r\n\r\n<div style=\"color:#f72\">\r\n*** ROMBO DI TUONO 2024 - info visitatori ***\r\n<\/div>\r\n<br>\r\n<hr color=\"#f72\">\r\n<br>\r\n<div style=\"color:#f72\">\r\nAPERTURA AL PUBBLICO:\r\n<\/div>\r\n<br>\r\nSabato 19 ottobre dalle ore 9:30 alle 20:00.<br>\r\nDomenica 20 ottobre dalle ore 9:00 alle 19:00.<br>\r\n\r\n<hr color=\"#f72\">\r\n\r\n<br>\r\n\r\n<div style=\"color:#f72\">    \r\nBIGLIETTI:\r\n<\/div><br>\r\n\r\nI biglietti si acquistano esclusivamente presso la biglietteria della fiera. <br>\r\nIl prezzo del biglietto valido per un giorno - 1 ingresso -  <font color=\"#ff0\">\u20ac 15,00.<\/font><br>\r\nAbbonamento valido per entrambe i giorni \u2013 2 ingressi -  <font color=\"#ff0\">\u20ac 20,00.<\/font><br>  \r\nIngresso gratuito ai ragazzini fino ai 14 anni (esibendo documento di identit\u00e0) se accompagnati da un genitore.<br><br>\r\n\r\n<u>Biglietto e Abbonamento ridotto:<\/u><br><br>\r\n\r\nGiornaliero -1 ingresso \u2013  <font color=\"#ff0\">\u20ac 12,00.<\/font><br><br>\r\nAbbonamento valido per entrambe le giornate \u2013 2 ingressi \u2013 <font color=\"#ff0\">\u20ac 15,00.<\/font><br><br>\r\nIl biglietto ridotto pu\u00f2 essere richiesto esibendo tessera in corso di validit\u00e0 insieme al proprio documento di riconoscimento per i seguenti affiliati: Iscritti HOG, tesserati F.M.I. e ragazzi dai 14 fino ai 16 anni (esibendo documento di identit\u00e0).\r\n<br><br>\r\nI membri appartenenti a MC potranno usufruire del biglietto ridotto.\r\n<br><br>\r\n<font color=\"#ff0\">BIGLIETTI PER PORTATORI DI DISABILITA\u2019:<\/font>\r\n<br><br>\r\nPer i portatori di disabilit\u00e0 con invalidit\u00e0 superiore all\u201980% ingresso gratuito, il suo accompagnatore avr\u00e0 diritto al biglietto ridotto.\r\n<br><br>\r\nPer disabilit\u00e0 con invalidit\u00e0 inferiore all\u201980% fino al 50% ingresso ridotto, mentre l\u2019eventuale accompagnatore biglietto intero.\r\n<br><br>\r\nAl di sotto del 50% di invalidit\u00e0 il visitatore dovr\u00e0 munirsi di biglietto intero.\r\n<br><br>\r\nPer queste agevolazioni \u00e8 necessario presentare la certificazione che ne attesti la disabilit\u00e0, accompagnato da un documento di identit\u00e0.\r\n<br><br>\r\n<font color=\"#ff0\"><u><b>CONVENZIONI ALBERGHIERE:<\/b><\/u><\/font>\r\n<br><br>\r\nDi seguito il link per vedere tutti gli alberghi convenzionati.\r\n<br><br>\r\n<a href=\"https:\/\/rombodituono.it\/rdt\/hotel-convenzionati-2024\/\" target=\"_blank\">HOTEL CONVENZIONATI<\/a>\r\n<br><br>\r\n\r\nPROGRAMMA:\r\n<br><br>\r\nClicca sul link per vedere il programma delle due giornate: \r\n<br><br>\r\n<a href=\"https:\/\/rombodituono.it\/rdt\/programma-rdt-2024\/\" target=\"_blank\">PROGRAMMA DELLE DUE GIORNATE<\/a>\r\n<br><br>\r\nACCESSO AI CANI:\r\n<br><br>\r\nI cani di piccola taglia potranno essere portati in braccio, mentre gli altri dovranno essere condotti al guinzaglio che non abbia una lunghezza superiore agli 80cm ed essere muniti di museruola che deve essere applicata al cane.\r\n\r\n<br><br>\r\nIl conduttore del cane deve dotarsi di apposito kit di pulizia per provvedere all\u2019immediata pulizia di eventuali deiezioni lasciate dall\u2019animale. Egli \u00e8 responsabile sia civilmente che penalmente di eventuali lesioni o danni a persone, animali e cose provocate dal proprio cane. \r\n<br><br>   \r\n\r\n<hr color=\"#f72\">\r\n<hr color=\"#f72\">\r\n\r\n<font color=\"#f72\">\r\nACCREDITI STAMPA:<br><br>\r\n<\/font>\r\n\r\nE\u2019 necessario inviare via e-mail a: <a href=\"mailto:press@rombodituono.it\">press@rombodituono.it<\/a>  copia del tesserino d\u2019iscrizione all\u2019Ordine dei Giornalisti in corso di validit\u00e0, i Free Lance dovranno presentare una lettera d\u2019incarico  firmata dal direttore della testata su carta intestata.\r\n<br><br>\r\nSe la richiesta verr\u00e0 accettata vi daremo comunicazione via e-mail che sar\u00e0 sufficiente presentare insieme al tesserino o alla lettera di incarico e un documento d\u2019identit\u00e0 in cassa accrediti per ritirarlo.<br>\r\nIl termine per la richiesta accrediti \u00e8 fissato al 15 ottobre. Non saranno rilasciati accrediti nel week-end dell\u2019evento in cassa.\r\n<br><br>\r\nGli accrediti sono personali e non trasferibili \r\n<br><br>\r\n\r\n\r\n<font color=\"#f72\">PARCHEGGI:<\/font><br><br>\r\nAmpio parcheggio per le automobili gratuito non custodito.<br>\r\nIl parcheggio per le moto \u00e8 situato all'interno del centro fiera ed \u00e8 gratuito.\r\n<br><br>\r\n<hr color=\"#f72\">\r\n\r\n<font color=\"#f72\">INDICAZIONI STRADALI:<\/font><br><br>\r\nLa 20\u00aa edizione di Rombo di Tuono si svolger\u00e0 presso i padiglioni di:<br>\r\nFIERA DI BRESCIA ( BRIXIA FORUM)<br>\r\nVia Caprera, 5 - Brescia<br><br>\r\n\r\nIl complesso fieristico \u00e8 facilmente raggiungibile dall'autostrada A4 MI\/VE uscendo al casello di Brescia Ovest e proseguendo diritti per 500 mt fino alla prima rotatoria. A quel punto potrete notare il centro fiera alla vostra destra.\r\n<br><br>\r\n<a href=\"https:\/\/maps.google.it\/maps?f=q&source=embed&hl=it&geocode=&q=Brixia+Expo+-+Fiera+di+Brescia,+Via+Caprera,+Brescia,+BS&%0d%0asll=41.442726,12.392578&sspn=11.540391,23.269043&ie=UTF8&hq=Brixia+Expo+-+Fiera&hnear=Via+Caprera,+Brescia,+BS,+Lombardia&t=m&%0d%0all=45.526615,10.172181&spn=0.012026,0.038409&z=15\" target=\"_blank\">Visualizzazione ingrandita della mappa<\/a>\r\n<br><br>\r\n\r\n<hr color=\"#f72\">\r\n\r\n<font color=\"#f72\">STAZIONE FERROVIARIA:<\/font><br><br>\r\n\r\nLa stazione pi\u00f9 vicina al polo fieristico Brescia Expo \u00e8 la stazione di Brescia che dista circa 4 km.<br>\r\nNel piazzale antistante la stazione \u00e8 attivo il servizio bus oppure il servizio taxi.<br>\r\n<br>\r\n\r\n<hr color=\"#f72\">\r\n\r\n<font color=\"#f72\">RISTORAZIONE:<\/font><br><br>\r\n\r\nPer tutta la durata della manifestazione sar\u00e0 in funzione un ristorante self service oltre a diverse zone di ristoro all'interno del padiglione fieristico. <br>\r\n<br>\r\n<hr color=\"#f72\">\r\n\r\n<font color=\"#f72\">NIGHT PARTY DI SABATO SERA:<\/font><br><br>\r\n\r\nSabato sera si terr\u00e0 un party a tema fuori salone. Il favoloso \"Night Party\" organizzato e diretto dai ragazzi dello Sbarbari Klan che si svolger\u00e0 al pub ANGEL Via Trento 188 Capriano del Colle (BS). Free Entry e per chi vuole c\u2019\u00e8 anche la possibilit\u00e0 di cenare. Info e prenotazioni 3889548552 oppure 3713707697 .<br><br>\r\n\r\n\r\n<a href=\"https:\/\/rombodituono.it\/rdt\/night-party\/\"><u><b>Clicca per info<\/b><\/u><\/a>\r\n\r\n<br><br>\r\n\r\n\r\n<hr color=\"#f72\">\r\n*** INFO - ESPOSITORI ***\r\n<hr color=\"#f72\">\r\n<br><br>\r\n<font color=\"#ff0\">\r\nAllestimento stand:<br>\r\n<\/font>\r\n- gioved\u00ec 17 ottobre dalle ore 14:00 alle 19:00<br>\r\n- venerd\u00ec 18 ottobre dalle ore 8:00 alle 19:00.<br><br>\r\n<font color=\"#ff0\">\r\nSmontaggio stand:<br>\r\n<\/font>\r\n- domenica 20 ottobre dalle ore 19:00 alle 22:00<br>\r\n- luned\u00ec 21 ottobre dalle ore 8:00 alle 12:00.<br><br>\r\n\r\n<font color=\"#ff0\"><\/font>  \r\nAllestitori: <br>\r\n<\/font>\r\nCD ALLESTIMENTI 030\/5034237 - 320\/1142543 - email: <a href=\"mailto:info@cdallestimenti.com\">info@cdallestimenti.com<\/a><br>\r\n<br><br>\r\n\r\nMOQUETTE:<br>\r\nPer gli interessati che ne volessero fare uso, a due chilometri dalla Fiera c\u2019\u00e8 un grossista di moquette che ve la taglia al momento. E\u2019 possibile anche ordinarla telefonicamente, la ditta in questione \u00e8:<br>\r\nPAVIPRO via B. BUOZZI 13. BRESCIA tel. 030 3546116 - email: <a href=\"mailto:info@pavipro.it\" target=\"_blank\" >info@pavipro.it<\/a>;<br>\r\nDispongono anche della carta nastro adesiva specifica per pavimenti. Nel caso ricordatevi di ordinarla. Il biadesivo normale non va bene, ci vuole quello specifico per pavimento.<br>\r\nPer la consegna in fiera, se la quantit\u00e0 lo permette, ce ne possiamo occupare noi.<br>\r\nPer info su ritiro e consegna in Fiera: <a href=\"mailto:segreteria@rombodituono.it\" target=\"_blank\">segreteria@rombodituono.it<\/a>\r\n\r\n\r\n<\/div>\r\n\t\t<\/div>\n\t\t\t\t<\/div>\n\t\t\t\t\t<\/div>\n\t\t<\/div>\n\t\t\t\t\t\t\t<\/div>\n\t\t<\/section>\n\t\t\t\t<section class=\"elementor-section elementor-top-section elementor-element elementor-element-69e9663 elementor-section-boxed elementor-section-height-default elementor-section-height-default\" data-id=\"69e9663\" data-element_type=\"section\">\n\t\t\t\t\t\t<div class=\"elementor-container elementor-column-gap-default\">\n\t\t\t\t\t<div class=\"elementor-column elementor-col-100 elementor-top-column elementor-element elementor-element-6246128\" data-id=\"6246128\" data-element_type=\"column\">\n\t\t\t<div class=\"elementor-widget-wrap elementor-element-populated\">\n\t\t\t\t\t\t\t\t<div class=\"elementor-element elementor-element-190a280 elementor-widget elementor-widget-spacer\" data-id=\"190a280\" data-element_type=\"widget\" data-widget_type=\"spacer.default\">\n\t\t\t\t<div class=\"elementor-widget-container\">\n\t\t\t<style>\/*! elementor - v3.7.8 - 02-10-2022 *\/\n.elementor-column .elementor-spacer-inner{height:var(--spacer-size)}.e-container{--container-widget-width:100%}.e-container>.elementor-widget-spacer{width:var(--container-widget-width,var(--spacer-size));-ms-flex-item-align:stretch;align-self:stretch;-ms-flex-negative:0;flex-shrink:0}.e-container>.elementor-widget-spacer>.elementor-widget-container,.e-container>.elementor-widget-spacer>.elementor-widget-container>.elementor-spacer{height:100%}.e-container>.elementor-widget-spacer>.elementor-widget-container>.elementor-spacer>.elementor-spacer-inner{height:var(--container-widget-height,var(--spacer-size))}<\/style>\t\t<div class=\"elementor-spacer\">\n\t\t\t<div class=\"elementor-spacer-inner\"><\/div>\n\t\t<\/div>\n\t\t\t\t<\/div>\n\t\t\t\t<\/div>\n\t\t\t\t\t<\/div>\n\t\t<\/div>\n\t\t\t\t\t\t\t<\/div>\n\t\t<\/section>\n\t\t\t\t<section class=\"elementor-section elementor-top-section elementor-element elementor-element-3772c5c elementor-section-boxed elementor-section-height-default elementor-section-height-default\" data-id=\"3772c5c\" data-element_type=\"section\">\n\t\t\t\t\t\t<div class=\"elementor-container elementor-column-gap-default\">\n\t\t\t\t\t<div class=\"elementor-column elementor-col-100 elementor-top-column elementor-element elementor-element-2d23091\" data-id=\"2d23091\" data-element_type=\"column\">\n\t\t\t<div class=\"elementor-widget-wrap elementor-element-populated\">\n\t\t\t\t\t\t\t\t<div class=\"elementor-element elementor-element-521ac1a elementor-widget elementor-widget-html\" data-id=\"521ac1a\" data-element_type=\"widget\" data-widget_type=\"html.default\">\n\t\t\t\t<div class=\"elementor-widget-container\">\n\t\t\t<a name=\"programma\"><\/a>\t\t<\/div>\n\t\t\t\t<\/div>\n\t\t\t\t<div class=\"elementor-element elementor-element-2a36d00 elementor-align-center elementor-hidden-desktop elementor-hidden-tablet elementor-hidden-mobile elementor-button-primary elementor-widget elementor-widget-button\" data-id=\"2a36d00\" data-element_type=\"widget\" data-widget_type=\"button.default\">\n\t\t\t\t<div class=\"elementor-widget-container\">\n\t\t\t        <div class=\"elementor-button-wrapper\">\n            <a class=\"elementor-button elementor-size-md\" role=\"button\">\n                \t\t<span class=\"elementor-button-content-wrapper\">\n\t\t\t\t\t\t<span class=\"elementor-button-text\">Scarica il programma in .PDF<\/span>\n\t\t<\/span>\n\t\t            <\/a>\n        <\/div>\n        \t\t<\/div>\n\t\t\t\t<\/div>\n\t\t\t\t\t<\/div>\n\t\t<\/div>\n\t\t\t\t\t\t\t<\/div>\n\t\t<\/section>\n\t\t\t\t\t\t\t<\/div>\n\t\t","protected":false},"excerpt":{"rendered":"<p>Vai Al PROGRMMA DELLA FIERA 19-20 OTTOBRE 2024 SCARICA IL PROGRAMMA COMPLETO DELLA FIERA SCARICA TUTTE LE INFORMAZIONI IN PDF *** ROMBO DI TUONO 2024 &#8211; info visitatori *** APERTURA AL PUBBLICO: Sabato 19 ottobre dalle ore 9:30 alle 20:00. Domenica 20 ottobre dalle ore 9:00 alle 19:00. BIGLIETTI: I biglietti si acquistano esclusivamente presso&hellip; <\/p>\n<p class=\"link-more\"><a href=\"https:\/\/rombodituono.it\/rdt\/info-point-2024\/\" class=\"more-link\">Read More <span class=\"screen-reader-text\"> &#8220;INFO POINT 2024&#8221;<\/span><\/a><\/p>\n","protected":false},"author":1,"featured_media":0,"parent":0,"menu_order":0,"comment_status":"closed","ping_status":"closed","template":"page-elementor.php","meta":{"footnotes":""},"class_list":["post-10583","page","type-page","status-publish","hentry"],"_links":{"self":[{"href":"https:\/\/rombodituono.it\/rdt\/wp-json\/wp\/v2\/pages\/10583","targetHints":{"allow":["GET"]}}],"collection":[{"href":"https:\/\/rombodituono.it\/rdt\/wp-json\/wp\/v2\/pages"}],"about":[{"href":"https:\/\/rombodituono.it\/rdt\/wp-json\/wp\/v2\/types\/page"}],"author":[{"embeddable":true,"href":"https:\/\/rombodituono.it\/rdt\/wp-json\/wp\/v2\/users\/1"}],"replies":[{"embeddable":true,"href":"https:\/\/rombodituono.it\/rdt\/wp-json\/wp\/v2\/comments?post=10583"}],"version-history":[{"count":55,"href":"https:\/\/rombodituono.it\/rdt\/wp-json\/wp\/v2\/pages\/10583\/revisions"}],"predecessor-version":[{"id":11510,"href":"https:\/\/rombodituono.it\/rdt\/wp-json\/wp\/v2\/pages\/10583\/revisions\/11510"}],"wp:attachment":[{"href":"https:\/\/rombodituono.it\/rdt\/wp-json\/wp\/v2\/media?parent=10583"}],"curies":[{"name":"wp","href":"https:\/\/api.w.org\/{rel}","templated":true}]}}